{"id":42,"date":"2023-11-30T17:03:24","date_gmt":"2023-11-30T14:03:24","guid":{"rendered":"https:\/\/kimya2025.com\/?page_id=42"},"modified":"2024-12-20T09:57:43","modified_gmt":"2024-12-20T06:57:43","slug":"iletisim","status":"publish","type":"page","link":"https:\/\/kimya2025.com\/en\/iletisim\/","title":{"rendered":"Contact"},"content":{"rendered":"<div data-elementor-type=\"wp-page\" data-elementor-id=\"42\" class=\"elementor elementor-42\" data-elementor-post-type=\"page\">\n\t\t\t\t<div class=\"elementor-element elementor-element-6d6edc0 e-flex e-con-boxed e-con e-parent\" data-id=\"6d6edc0\" data-element_type=\"container\" data-settings=\"{&quot;background_background&quot;:&quot;classic&quot;}\">\n\t\t\t\t\t<div class=\"e-con-inner\">\n\t\t\t\t<div class=\"elementor-element elementor-element-c5f5a90 elementor-widget elementor-widget-heading\" data-id=\"c5f5a90\" data-element_type=\"widget\" data-widget_type=\"heading.default\">\n\t\t\t\t<div class=\"elementor-widget-container\">\n\t\t\t\t\t<h2 class=\"elementor-heading-title elementor-size-default\">Congress Presidents<\/h2>\t\t\t\t<\/div>\n\t\t\t\t<\/div>\n\t\t<div class=\"elementor-element elementor-element-b28f4f6 e-grid e-con-boxed e-con e-child\" data-id=\"b28f4f6\" data-element_type=\"container\">\n\t\t\t\t\t<div class=\"e-con-inner\">\n\t\t\t\t<div class=\"elementor-element elementor-element-40bf34c elementor-widget elementor-widget-text-editor\" data-id=\"40bf34c\" data-element_type=\"widget\" data-widget_type=\"text-editor.default\">\n\t\t\t\t<div class=\"elementor-widget-container\">\n\t\t\t\t\t\t\t\t\t<p><strong>Congress President<br \/><\/strong>Prof. Dr. Mehmet G\u00dcLCAN<br \/><a href=\"mailto:mehmetgulcan@yyu.edu.tr\">mehmetgulcan@yyu.edu.tr<\/a><\/p>\t\t\t\t\t\t\t\t<\/div>\n\t\t\t\t<\/div>\n\t\t\t\t<div class=\"elementor-element elementor-element-2d6ae24 elementor-widget elementor-widget-text-editor\" data-id=\"2d6ae24\" data-element_type=\"widget\" data-widget_type=\"text-editor.default\">\n\t\t\t\t<div class=\"elementor-widget-container\">\n\t\t\t\t\t\t\t\t\t<p><strong>Congress Secretary<br \/><\/strong>Prof. Dr. \u00d6zlem SEL\u00c7UK ZORER<br \/><a href=\"mailto:oselcuk@yyu.edu.tr\">oselcuk@yyu.edu.tr<\/a><\/p>\t\t\t\t\t\t\t\t<\/div>\n\t\t\t\t<\/div>\n\t\t\t\t\t<\/div>\n\t\t\t\t<\/div>\n\t\t\t\t\t<\/div>\n\t\t\t\t<\/div>\n\t\t<div class=\"elementor-element elementor-element-0242f1b e-flex e-con-boxed e-con e-parent\" data-id=\"0242f1b\" data-element_type=\"container\" data-settings=\"{&quot;background_background&quot;:&quot;classic&quot;}\">\n\t\t\t\t\t<div class=\"e-con-inner\">\n\t\t\t\t<div class=\"elementor-element elementor-element-eeb1e62 elementor-widget elementor-widget-heading\" data-id=\"eeb1e62\" data-element_type=\"widget\" data-widget_type=\"heading.default\">\n\t\t\t\t<div class=\"elementor-widget-container\">\n\t\t\t\t\t<h2 class=\"elementor-heading-title elementor-size-default\">Organization Secretariat<\/h2>\t\t\t\t<\/div>\n\t\t\t\t<\/div>\n\t\t<div class=\"elementor-element elementor-element-5a464f6 e-grid e-con-boxed e-con e-child\" data-id=\"5a464f6\" data-element_type=\"container\">\n\t\t\t\t\t<div class=\"e-con-inner\">\n\t\t\t\t<div class=\"elementor-element elementor-element-5665bdc elementor-widget elementor-widget-text-editor\" data-id=\"5665bdc\" data-element_type=\"widget\" data-widget_type=\"text-editor.default\">\n\t\t\t\t<div class=\"elementor-widget-container\">\n\t\t\t\t\t\t\t\t\t<p><strong>Hatice \u00c7ilek<\/strong><\/p>\n<!-- \/wp:paragraph --><!-- wp:paragraph -->\t\t\t\t\t\t\t\t<\/div>\n\t\t\t\t<\/div>\n\t\t\t\t<div class=\"elementor-element elementor-element-2cad084 elementor-widget elementor-widget-text-editor\" data-id=\"2cad084\" data-element_type=\"widget\" data-widget_type=\"text-editor.default\">\n\t\t\t\t<div class=\"elementor-widget-container\">\n\t\t\t\t\t\t\t\t\t<p><strong>Merve K\u00f6r<\/strong><\/p>\t\t\t\t\t\t\t\t<\/div>\n\t\t\t\t<\/div>\n\t\t\t\t\t<\/div>\n\t\t\t\t<\/div>\n\t\t\t\t<div class=\"elementor-element elementor-element-199551b elementor-widget__width-initial elementor-widget elementor-widget-image\" data-id=\"199551b\" data-element_type=\"widget\" data-widget_type=\"image.default\">\n\t\t\t\t<div class=\"elementor-widget-container\">\n\t\t\t\t\t\t\t\t\t\t\t\t\t\t\t<img fetchpriority=\"high\" decoding=\"async\" width=\"589\" height=\"219\" src=\"https:\/\/kimya2025.com\/wp-content\/uploads\/2023\/11\/Bros_Group_logo.png\" class=\"attachment-large size-large wp-image-43\" alt=\"\" srcset=\"https:\/\/kimya2025.com\/wp-content\/uploads\/2023\/11\/Bros_Group_logo.png 589w, https:\/\/kimya2025.com\/wp-content\/uploads\/2023\/11\/Bros_Group_logo-300x112.png 300w\" sizes=\"(max-width: 589px) 100vw, 589px\" \/>\t\t\t\t\t\t\t\t\t\t\t\t\t\t\t<\/div>\n\t\t\t\t<\/div>\n\t\t\t\t<div class=\"elementor-element elementor-element-dfd5922 elementor-widget elementor-widget-text-editor\" data-id=\"dfd5922\" data-element_type=\"widget\" data-widget_type=\"text-editor.default\">\n\t\t\t\t<div class=\"elementor-widget-container\">\n\t\t\t\t\t\t\t\t\t<figure class=\"wp-block-image size-full is-resized\">Esentepe Mah. Sa\u011flam Fikir Sok. Esen Palas Apt. A Blok No:2 D:9 Esentepe \u2013 \u015ei\u015fli \u2013 \u0130stanbul<br \/>Phn: +90 (212) 296 66 70<br \/>Fax: +90 (212) 296 66 71<\/figure>\n<p>E-mail: <a href=\"mailto:ulusalkimya@brosgroup.net\">ulusalkimya@brosgroup.net<\/a><\/p>\n<p><!-- \/wp:image --><!-- wp:paragraph --><\/p>\n<p><!-- \/wp:paragraph --><!-- wp:paragraph --><\/p>\t\t\t\t\t\t\t\t<\/div>\n\t\t\t\t<\/div>\n\t\t\t\t\t<\/div>\n\t\t\t\t<\/div>\n\t\t\t\t<\/div>","protected":false},"excerpt":{"rendered":"<p>Kongre Ba\u015fkanlar\u0131 Kongre Ba\u015fkan\u0131Prof. Dr. Mehmet G\u00dcLCANmehmetgulcan@yyu.edu.tr Kongre SekreteriProf. Dr. \u00d6zlem SEL\u00c7UK ZORERoselcuk@yyu.edu.tr Organizasyon Sekretaryas\u0131 Hatice \u00c7ilek Merve K\u00f6r Esentepe Mah. Sa\u011flam Fikir Sok. Esen Palas Apt. A Blok No:2 D:9 Esentepe \u2013 \u015ei\u015fli \u2013 \u0130stanbulTel: +90 (212) 296 66 70Fax: +90 (212) 296 66 71 E-mail: ulusalkimya@brosgroup.net<\/p>","protected":false},"author":1,"featured_media":0,"parent":0,"menu_order":0,"comment_status":"closed","ping_status":"closed","template":"","meta":{"footnotes":""},"class_list":["post-42","page","type-page","status-publish","hentry"],"blocksy_meta":[],"_links":{"self":[{"href":"https:\/\/kimya2025.com\/en\/wp-json\/wp\/v2\/pages\/42","targetHints":{"allow":["GET"]}}],"collection":[{"href":"https:\/\/kimya2025.com\/en\/wp-json\/wp\/v2\/pages"}],"about":[{"href":"https:\/\/kimya2025.com\/en\/wp-json\/wp\/v2\/types\/page"}],"author":[{"embeddable":true,"href":"https:\/\/kimya2025.com\/en\/wp-json\/wp\/v2\/users\/1"}],"replies":[{"embeddable":true,"href":"https:\/\/kimya2025.com\/en\/wp-json\/wp\/v2\/comments?post=42"}],"version-history":[{"count":21,"href":"https:\/\/kimya2025.com\/en\/wp-json\/wp\/v2\/pages\/42\/revisions"}],"predecessor-version":[{"id":848,"href":"https:\/\/kimya2025.com\/en\/wp-json\/wp\/v2\/pages\/42\/revisions\/848"}],"wp:attachment":[{"href":"https:\/\/kimya2025.com\/en\/wp-json\/wp\/v2\/media?parent=42"}],"curies":[{"name":"wp","href":"https:\/\/api.w.org\/{rel}","templated":true}]}}