{"id":37,"date":"2023-11-30T17:01:15","date_gmt":"2023-11-30T14:01:15","guid":{"rendered":"https:\/\/kimya2025.com\/?page_id=37"},"modified":"2025-08-28T10:13:44","modified_gmt":"2025-08-28T07:13:44","slug":"sosyal-program","status":"publish","type":"page","link":"https:\/\/kimya2025.com\/en\/sosyal-program\/","title":{"rendered":"Social Programme"},"content":{"rendered":"<figure class=\"wp-block-table\"><table><thead><tr><th><strong>Tarih<\/strong><\/th><th><strong>Saat<\/strong><\/th><th><strong>Program Detay\u0131<\/strong><\/th><\/tr><\/thead><tbody><tr><td rowspan=\"2\">31 A\u011fustos 2025 Pazar<\/td><td>18:30-19:10<\/td><td>Van Kedisi Evi Ziyareti<\/td><\/tr><tr><td>19:30-21:00<\/td><td>A\u00e7\u0131l\u0131\u015f Kokteyli (Van Uygulama Oteli (Edremit-Evliya \u00c7elebi MTAL)<\/td><\/tr><tr><td>2 Eyl\u00fcl 2025 Sal\u0131<\/td><td>19:00-23:00<\/td><td>GALA YEME\u011e\u0130 (Dedeman Van Resort &amp; Aquapark)<\/td><\/tr><tr><td>3 Eyl\u00fcl 2025 \u00c7ar\u015famba<\/td><td>09:00-17::00<\/td><td>Van &amp; Akdamar Island Full-Day Cultural Tour<\/td><\/tr><\/tbody><\/table><\/figure>\n\n\n\n<figure class=\"wp-block-image size-large\"><img fetchpriority=\"high\" decoding=\"async\" width=\"1024\" height=\"1024\" src=\"https:\/\/kimya2025.com\/wp-content\/uploads\/2025\/07\/Kimya-2025-07-23-1024x1024.jpg\" alt=\"\" class=\"wp-image-1241\" srcset=\"https:\/\/kimya2025.com\/wp-content\/uploads\/2025\/07\/Kimya-2025-07-23-1024x1024.jpg 1024w, https:\/\/kimya2025.com\/wp-content\/uploads\/2025\/07\/Kimya-2025-07-23-300x300.jpg 300w, https:\/\/kimya2025.com\/wp-content\/uploads\/2025\/07\/Kimya-2025-07-23-150x150.jpg 150w, https:\/\/kimya2025.com\/wp-content\/uploads\/2025\/07\/Kimya-2025-07-23-768x768.jpg 768w, https:\/\/kimya2025.com\/wp-content\/uploads\/2025\/07\/Kimya-2025-07-23-12x12.jpg 12w, https:\/\/kimya2025.com\/wp-content\/uploads\/2025\/07\/Kimya-2025-07-23.jpg 1080w\" sizes=\"(max-width: 1024px) 100vw, 1024px\" \/><\/figure>\n\n\n\n<h3 class=\"wp-block-heading\">\ud83c\udf04 <strong>Van &amp; Akdamar Island Full-Day Cultural Tour<\/strong><\/h3>\n\n\n\n<p>\ud83d\uddd3\ufe0f <strong>Tarih:<\/strong> 3 Eyl\u00fcl 2025 \u00c7ar\u015famba<br>\ud83d\udcb0 <strong>Tur \u00dccreti:<\/strong> 2.300 TL + %20 KDV<\/p>\n\n\n\n<hr class=\"wp-block-separator has-alpha-channel-opacity\"\/>\n\n\n\n<div class=\"wp-block-columns is-layout-flex wp-container-core-columns-is-layout-28f84493 wp-block-columns-is-layout-flex\">\n<div class=\"wp-block-column is-layout-flow wp-block-column-is-layout-flow\" style=\"flex-basis:33.33%\">\n<figure class=\"wp-block-image size-full\"><img decoding=\"async\" width=\"659\" height=\"374\" src=\"https:\/\/kimya2025.com\/wp-content\/uploads\/2025\/06\/etnikce_com_van-merkezin-etnik-yapisi-ve-turk-koyleri.webp\" alt=\"\" class=\"wp-image-1163\" srcset=\"https:\/\/kimya2025.com\/wp-content\/uploads\/2025\/06\/etnikce_com_van-merkezin-etnik-yapisi-ve-turk-koyleri.webp 659w, https:\/\/kimya2025.com\/wp-content\/uploads\/2025\/06\/etnikce_com_van-merkezin-etnik-yapisi-ve-turk-koyleri-300x170.webp 300w, https:\/\/kimya2025.com\/wp-content\/uploads\/2025\/06\/etnikce_com_van-merkezin-etnik-yapisi-ve-turk-koyleri-18x10.webp 18w\" sizes=\"(max-width: 659px) 100vw, 659px\" \/><\/figure>\n<\/div>\n\n\n\n<div class=\"wp-block-column is-layout-flow wp-block-column-is-layout-flow\" style=\"flex-basis:66.66%\">\n<h5 class=\"wp-block-heading\">\ud83d\udd58 <strong>09:00 \u2013 Meeting and Departure<\/strong><\/h5>\n\n\n\n<p>\ud83d\udccd <strong>Van City Center<\/strong><br>We will meet participants at the designated spot in Van city center. Following a brief orientation, our tour will start in our comfortable vehicle.<\/p>\n<\/div>\n<\/div>\n\n\n\n<hr class=\"wp-block-separator has-alpha-channel-opacity\"\/>\n\n\n\n<div class=\"wp-block-columns is-layout-flex wp-container-core-columns-is-layout-28f84493 wp-block-columns-is-layout-flex\">\n<div class=\"wp-block-column is-layout-flow wp-block-column-is-layout-flow\" style=\"flex-basis:33.33%\">\n<figure class=\"wp-block-image size-full\"><img decoding=\"async\" width=\"864\" height=\"486\" src=\"https:\/\/kimya2025.com\/wp-content\/uploads\/2025\/06\/akdamar.jpg\" alt=\"\" class=\"wp-image-1162\" srcset=\"https:\/\/kimya2025.com\/wp-content\/uploads\/2025\/06\/akdamar.jpg 864w, https:\/\/kimya2025.com\/wp-content\/uploads\/2025\/06\/akdamar-300x169.jpg 300w, https:\/\/kimya2025.com\/wp-content\/uploads\/2025\/06\/akdamar-768x432.jpg 768w, https:\/\/kimya2025.com\/wp-content\/uploads\/2025\/06\/akdamar-18x10.jpg 18w\" sizes=\"(max-width: 864px) 100vw, 864px\" \/><\/figure>\n<\/div>\n\n\n\n<div class=\"wp-block-column is-layout-flow wp-block-column-is-layout-flow\" style=\"flex-basis:66.66%\">\n<h5 class=\"wp-block-heading\">\ud83c\udfdd\ufe0f <strong>09:30 \u2013 13:00 | Akdamar Island and Akdamar Church Tour<\/strong><\/h5>\n\n\n\n<p class=\"translation-block\">\ud83d\udea4 Boat trip from Geva\u015f Pier to Akdamar Island<\/br>\n\u26ea Visit to <b>Akdamar Church<\/b>, one of the masterpieces of Armenian architecture<\/br>\n\ud83d\udcf8 Nature walk on the island and photo breaks accompanied by breathtaking views<\/p>\n\n\n\n<p><a href=\"\/en\/Akdamar Church Info\/\">Akdamar Church Info<\/a><\/p>\n<\/div>\n<\/div>\n\n\n\n<hr class=\"wp-block-separator has-alpha-channel-opacity\"\/>\n\n\n\n<div class=\"wp-block-columns is-layout-flex wp-container-core-columns-is-layout-28f84493 wp-block-columns-is-layout-flex\">\n<div class=\"wp-block-column is-layout-flow wp-block-column-is-layout-flow\" style=\"flex-basis:33.33%\">\n<figure class=\"wp-block-image size-full\"><img loading=\"lazy\" decoding=\"async\" width=\"309\" height=\"163\" src=\"https:\/\/kimya2025.com\/wp-content\/uploads\/2025\/06\/edremit.jpeg\" alt=\"\" class=\"wp-image-1161\" srcset=\"https:\/\/kimya2025.com\/wp-content\/uploads\/2025\/06\/edremit.jpeg 309w, https:\/\/kimya2025.com\/wp-content\/uploads\/2025\/06\/edremit-300x158.jpeg 300w, https:\/\/kimya2025.com\/wp-content\/uploads\/2025\/06\/edremit-18x9.jpeg 18w\" sizes=\"(max-width: 309px) 100vw, 309px\" \/><\/figure>\n<\/div>\n\n\n\n<div class=\"wp-block-column is-layout-flow wp-block-column-is-layout-flow\" style=\"flex-basis:66.66%\">\n<h5 class=\"wp-block-heading\"><strong>\ud83c\udf0a&nbsp;13:30 \u2013 15:00 | Edremit Sahil Band\u0131 Gezisi ve \u00d6\u011fle Yeme\u011fi<\/strong><\/h5>\n\n\n\n<p class=\"translation-block\">\ud83e\udd57 A delicious lunch overlooking <b>Lake Van<\/b> at \u201cTariria Culture, Art and Gastronomy Center,\u201d one of Van\u2019s renowned cultural and gastronomic venues<\/br>\n\ud83d\udeb6\u200d\u2642\ufe0f Stroll and relaxation along the seaside promenade<\/p>\n\n\n\n<p><a href=\"\/en\/Tariria Presentation PDF\/\">Tariria Presentation PDF<\/a><\/p>\n<\/div>\n<\/div>\n\n\n\n<hr class=\"wp-block-separator has-alpha-channel-opacity\"\/>\n\n\n\n<div class=\"wp-block-columns is-layout-flex wp-container-core-columns-is-layout-28f84493 wp-block-columns-is-layout-flex\">\n<div class=\"wp-block-column is-layout-flow wp-block-column-is-layout-flow\" style=\"flex-basis:33.33%\">\n<figure class=\"wp-block-image size-full\"><img loading=\"lazy\" decoding=\"async\" width=\"1000\" height=\"655\" src=\"https:\/\/kimya2025.com\/wp-content\/uploads\/2025\/06\/20200214163120477_9E3A1769-kopya.jpg\" alt=\"\" class=\"wp-image-1169\" srcset=\"https:\/\/kimya2025.com\/wp-content\/uploads\/2025\/06\/20200214163120477_9E3A1769-kopya.jpg 1000w, https:\/\/kimya2025.com\/wp-content\/uploads\/2025\/06\/20200214163120477_9E3A1769-kopya-300x197.jpg 300w, https:\/\/kimya2025.com\/wp-content\/uploads\/2025\/06\/20200214163120477_9E3A1769-kopya-768x503.jpg 768w, https:\/\/kimya2025.com\/wp-content\/uploads\/2025\/06\/20200214163120477_9E3A1769-kopya-18x12.jpg 18w\" sizes=\"(max-width: 1000px) 100vw, 1000px\" \/><\/figure>\n<\/div>\n\n\n\n<div class=\"wp-block-column is-layout-flow wp-block-column-is-layout-flow\" style=\"flex-basis:66.66%\">\n<h5 class=\"wp-block-heading\">\ud83c\udfdb\ufe0f <strong>15:00 \u2013 16:30 | Van Museum and Savat Bazaar<\/strong><\/h5>\n\n\n\n<p class=\"translation-block\">\ud83d\udecd\ufe0f Short visit to the Arubani Bedesteni <b>Savat Bazaar<\/b><\/br>\n\ud83c\udffa Then a guided tour of <b>Van Museum<\/b>:<\/p>\n\n\n\n<ul class=\"wp-block-list\">\n<li>Artifacts spanning from the Urartian period to the Ottoman era<\/li>\n\n\n\n<li>Insights into Van\u2019s thousands of years of cultural herita<\/li>\n<\/ul>\n\n\n\n<p><a href=\"\/en\/Van Museum Info\/\" target=\"_blank\" rel=\"noreferrer noopener\">Van Museum Info<\/a><\/p>\n<\/div>\n<\/div>\n\n\n\n<hr class=\"wp-block-separator has-alpha-channel-opacity\"\/>\n\n\n\n<h5 class=\"wp-block-heading translation-block\">\ud83c\udfd9\ufe0f 16:30 \u2013 17:30 | Return to Van City Center and Free Time<\/h5>\n\n\n\n<p>\ud83d\udecd\ufe0f Free time for shopping, a coffee break, or a short city stroll<br>\ud83d\udccc The tour concludes with drop-off in Van city center.<\/p>\n\n\n\n<hr class=\"wp-block-separator has-alpha-channel-opacity\"\/>\n\n\n\n<h3 class=\"wp-block-heading\">\ud83d\udcbc <strong>Included in the Tour Price<\/strong><\/h3>\n\n\n\n<p class=\"translation-block\">\u2705 Lunch<br>\n\u2705 Professional Tour Guidance<br>\n\u2705 Boat Fee for Akdamar Island<br>\n\u2705 Unlimited Water on Board<br>\n\u2705 Travel Insurance<br><\/p>\n\n\n\n<h3 class=\"wp-block-heading\">\u274c Not Included in the Price<\/h3>\n\n\n\n<p class=\"translation-block\">\u2716 Personal Expenses<br>\n\u2716 Museum Pass Fees<\/p>\n\n\n\n<p class=\"has-background\" style=\"background-color:#fed9d9\"><strong>Deadline for Social Program Registration: August 20, 2025<\/strong><\/p>\n\n\n\n<hr class=\"wp-block-separator has-alpha-channel-opacity\"\/>\n\n\n\n<div class=\"wp-block-buttons has-custom-font-size has-medium-font-size is-content-justification-center is-layout-flex wp-container-core-buttons-is-layout-a89b3969 wp-block-buttons-is-layout-flex\">\n<div class=\"wp-block-button has-custom-width wp-block-button__width-75\"><a class=\"wp-block-button__link wp-element-button\" href=\"https:\/\/kimya2025.com\/en\/kayit-ve-konaklama\/\">CLICK HERE TO REGISTER ONLINE<\/a><\/div>\n<\/div>\n\n\n\n<p><\/p>","protected":false},"excerpt":{"rendered":"<p>Tarih Saat Program Detay\u0131 31 A\u011fustos 2025 Pazar 18:30-19:10 Van Kedisi Evi Ziyareti 19:30-21:00 A\u00e7\u0131l\u0131\u015f Kokteyli (Van Uygulama Oteli (Edremit-Evliya \u00c7elebi MTAL) 2 Eyl\u00fcl 2025 Sal\u0131 19:00-23:00 GALA YEME\u011e\u0130 (Dedeman Van Resort &amp; Aquapark) 3 Eyl\u00fcl 2025 \u00c7ar\u015famba 09:00-17::00 Van &amp; Akdamar Adas\u0131 G\u00fcn\u00fcbirlik K\u00fclt\u00fcr Turu \ud83c\udf04 Van &amp; Akdamar Adas\u0131 G\u00fcn\u00fcbirlik K\u00fclt\u00fcr Turu \ud83d\uddd3\ufe0f [&hellip;]<\/p>","protected":false},"author":1,"featured_media":0,"parent":0,"menu_order":0,"comment_status":"closed","ping_status":"closed","template":"","meta":{"footnotes":""},"class_list":["post-37","page","type-page","status-publish","hentry"],"blocksy_meta":[],"_links":{"self":[{"href":"https:\/\/kimya2025.com\/en\/wp-json\/wp\/v2\/pages\/37","targetHints":{"allow":["GET"]}}],"collection":[{"href":"https:\/\/kimya2025.com\/en\/wp-json\/wp\/v2\/pages"}],"about":[{"href":"https:\/\/kimya2025.com\/en\/wp-json\/wp\/v2\/types\/page"}],"author":[{"embeddable":true,"href":"https:\/\/kimya2025.com\/en\/wp-json\/wp\/v2\/users\/1"}],"replies":[{"embeddable":true,"href":"https:\/\/kimya2025.com\/en\/wp-json\/wp\/v2\/comments?post=37"}],"version-history":[{"count":24,"href":"https:\/\/kimya2025.com\/en\/wp-json\/wp\/v2\/pages\/37\/revisions"}],"predecessor-version":[{"id":1347,"href":"https:\/\/kimya2025.com\/en\/wp-json\/wp\/v2\/pages\/37\/revisions\/1347"}],"wp:attachment":[{"href":"https:\/\/kimya2025.com\/en\/wp-json\/wp\/v2\/media?parent=37"}],"curies":[{"name":"wp","href":"https:\/\/api.w.org\/{rel}","templated":true}]}}