{"id":30,"date":"2023-11-30T16:57:31","date_gmt":"2023-11-30T13:57:31","guid":{"rendered":"https:\/\/kimya2025.com\/?page_id=30"},"modified":"2025-02-25T14:41:04","modified_gmt":"2025-02-25T11:41:04","slug":"bildiri-gonderimi","status":"publish","type":"page","link":"https:\/\/kimya2025.com\/en\/bildiri-gonderimi\/","title":{"rendered":"Abstracts"},"content":{"rendered":"<p class=\"has-palette-color-8-color has-vivid-red-background-color has-text-color has-background has-link-color wp-elements-07466f8bc76e2109eb2db00cd2172369\"><strong>Each participant can participate with a maximum of two posters or one oral presentation. <br>Paper evaluations will be taken into the acceptance section after being evaluated by the referee committee.<\/strong><\/p>\n\n\n\n<div class=\"wp-block-buttons is-content-justification-center is-layout-flex wp-container-core-buttons-is-layout-a89b3969 wp-block-buttons-is-layout-flex\">\n<div class=\"wp-block-button has-custom-width wp-block-button__width-100 has-custom-font-size has-medium-font-size\"><a class=\"wp-block-button__link wp-element-button\" href=\"https:\/\/www.abstractagent.com\/2025kimya\/\" target=\"_blank\" rel=\"noreferrer noopener\">ABSTRACT SUBMISSION SYSTEM<\/a><\/div>\n<\/div>\n\n\n\n<h3 class=\"wp-block-heading\"><strong>Rules for Abstract Preparation<\/strong><\/h3>\n\n\n\n<ul class=\"wp-block-list\">\n<li>Abstracts will be accepted in the form of summary text, and the congress abstract summary template will be used for abstract submission. You can submit your abstract to the scientific committee by clicking on the online abstract submission system and following the necessary steps.<\/li>\n\n\n\n<li>Abstracts will be collected through the online paper abstract system. Abstracts sent by email will not be considered for evaluation.<\/li>\n\n\n\n<li>Academic titles should not be used in author names.<\/li>\n\n\n\n<li>The entire abstract, excluding the title, author's name, and surname, should not exceed 500 words.<\/li>\n\n\n\n<li>The names and addresses of the institutions where the authors work must be specified. <br><em>E.g., University of X, Faculty of X, Department of X, City.<\/em><\/li>\n\n\n\n<li>If abbreviations are used in the abstract, the full name of the abbreviation should be indicated in parenthese<\/li>\n\n\n\n<li>- <a href=\"https:\/\/kimya2025.com\/Docs\/Template-Tu\u0308rkc\u0327e (2).doc\">Click for the sample template<\/a>.You can add references and acknowledgments in the \"Step 6 \/ 10: Abstract\" section below the abstract in the submission system.<\/li>\n<\/ul>\n\n\n\n<h3 class=\"wp-block-heading\"><strong>Rules for Poster Preparation<\/strong><\/h3>\n\n\n\n<ul class=\"wp-block-list\">\n<li>The dimensions of the poster should be 70 (horizontal) x 90 (vertical) cm, and posters should be in one page.<\/li>\n\n\n\n<li>A margin of 2 cm should be left from the top, bottom, right, and left edges of the poster page.<\/li>\n\n\n\n<li class=\"translation-block\">All texts on the posters should be presented in an easily readable font. The title of the poster should be written in 60-font size and bold, and care should be taken not to exceed two lines for the title. Author names and contact addresses should be 30-font size and bold, and other sections should use letters of 16-18 font size, and the presenting author's name should be underlined.<\/li>\n\n\n\n<li>The text should be presented in two columns with shapes interspersed.<\/li>\n\n\n\n<li>Section headings in the text should be written in 24-font size and bold.<\/li>\n<\/ul>\n\n\n\n<p>There is no color limitation in preparing posters, and an emphasis should be placed on using color shapes and photos that enhance visual appeal. Characters in the figures should be of a suitable size for easy readability, and the same characters should be preferred in all figures. Figures should be presented in sizes that can be easily seen from a distance.<\/p>\n\n\n\n<p><strong>The papers presented at the congress can submit articles to the following journals after the congress:<\/strong><\/p>\n\n\n\n<ul class=\"wp-block-list\">\n<li>Journals of the Turkish Chemical Society\n<ul class=\"wp-block-list\">\n<li class=\"translation-block\">You can submit your articles for review to the Journal of the Turkish Chemical Society, Section A: Chemistry (JOTCSA) after the 36th National Chemistry Congress. Since this issue, the JOTCSA journal has implemented an APC fee policy. Each article published in this journal will be subject to a 50 USD APC fee. For detailed information, please visit the journal's website (<a href=\"https:\/\/dergipark.org.tr\/tr\/pub\/jotcsa\" target=\"_self\">https:\/\/dergipark.org.tr\/tr\/pub\/jotcsa<\/a>) . For further inquiries, please send an email to <a href=\"mailto:jotcsa@turchemsoc..org\" target=\"_self\">jotcsa@turchemsoc..org<\/a>. We wish you a productive and successful congress.<\/li>\n<\/ul>\n<\/li>\n\n\n\n<li>Journal of innovative engineering and naturel science<\/li>\n<\/ul>","protected":false},"excerpt":{"rendered":"<p>Her bir kat\u0131l\u0131mc\u0131 en fazla iki adet poster veya bir adet s\u00f6zl\u00fc sunum ile kat\u0131labilir. Bildiri de\u011ferlendirmeleri Hakem heyeti taraf\u0131ndan de\u011ferlendirildikten sonra kabul k\u0131sm\u0131na al\u0131nacakt\u0131r. Bildiri Haz\u0131rlama Kurallar\u0131 Poster Haz\u0131rlama Kurallar\u0131 -Poster haz\u0131rlamada renk s\u0131n\u0131rlamas\u0131 olmay\u0131p, g\u00f6rselli\u011fi artt\u0131r\u0131c\u0131 renkli \u015fekil ve foto\u011fraflar\u0131n kullan\u0131lmas\u0131na a\u011f\u0131rl\u0131k verilmelidir. \u015eekillerde karakterlerin kolayl\u0131kla okunabilmeleri i\u00e7in uygun boyutta karakterler kullan\u0131lmal\u0131 ve [&hellip;]<\/p>","protected":false},"author":1,"featured_media":0,"parent":0,"menu_order":0,"comment_status":"closed","ping_status":"closed","template":"","meta":{"footnotes":""},"class_list":["post-30","page","type-page","status-publish","hentry"],"blocksy_meta":[],"_links":{"self":[{"href":"https:\/\/kimya2025.com\/en\/wp-json\/wp\/v2\/pages\/30","targetHints":{"allow":["GET"]}}],"collection":[{"href":"https:\/\/kimya2025.com\/en\/wp-json\/wp\/v2\/pages"}],"about":[{"href":"https:\/\/kimya2025.com\/en\/wp-json\/wp\/v2\/types\/page"}],"author":[{"embeddable":true,"href":"https:\/\/kimya2025.com\/en\/wp-json\/wp\/v2\/users\/1"}],"replies":[{"embeddable":true,"href":"https:\/\/kimya2025.com\/en\/wp-json\/wp\/v2\/comments?post=30"}],"version-history":[{"count":13,"href":"https:\/\/kimya2025.com\/en\/wp-json\/wp\/v2\/pages\/30\/revisions"}],"predecessor-version":[{"id":1042,"href":"https:\/\/kimya2025.com\/en\/wp-json\/wp\/v2\/pages\/30\/revisions\/1042"}],"wp:attachment":[{"href":"https:\/\/kimya2025.com\/en\/wp-json\/wp\/v2\/media?parent=30"}],"curies":[{"name":"wp","href":"https:\/\/api.w.org\/{rel}","templated":true}]}}