{"id":21,"date":"2023-11-30T16:53:04","date_gmt":"2023-11-30T13:53:04","guid":{"rendered":"https:\/\/kimya2025.com\/?page_id=21"},"modified":"2025-08-31T19:36:44","modified_gmt":"2025-08-31T16:36:44","slug":"kurullar","status":"publish","type":"page","link":"https:\/\/kimya2025.com\/en\/kurullar\/","title":{"rendered":"Committees"},"content":{"rendered":"<h4 class=\"wp-block-heading\"><strong>Honorary Presidents<\/strong><\/h4>\n\n\n\n<p><strong>Prof. Dr. Hamdullah \u015eEVL\u0130<\/strong> \u2013 Rector of Van Y\u00fcz\u00fcnc\u00fc Y\u0131l University<\/p>\n\n\n\n<p><strong>Prof. Dr. Bahattin YAL\u00c7IN&nbsp;&nbsp;\u2013&nbsp;<\/strong>President of the Board of Directors of the Turkish Chemical Society<\/p>\n\n\n\n<h4 class=\"wp-block-heading\"><strong>Chairman of the Congress Organizing Committee<\/strong><\/h4>\n\n\n\n<p>Prof. Dr. Mehmet G\u00dcLCAN<\/p>\n\n\n\n<h4 class=\"wp-block-heading\"><strong>Secretary General of the Congress<\/strong><\/h4>\n\n\n\n<p>Prof. Dr. \u00d6zlem SEL\u00c7UK ZORER<\/p>\n\n\n\n<h4 class=\"wp-block-heading\"><strong>Congress Organizing Committee<\/strong><\/h4>\n\n\n\n<p>Prof. Dr. \u0130brahim Hakk\u0131 Y\u00d6R\u00dcK (Van Y\u00fcz\u00fcnc\u00fc Y\u0131l University)<\/p>\n\n\n\n<p>Prof. Dr. Hamdullah KILI\u00c7 (Atat\u00fcrk University)<\/p>\n\n\n\n<p>Prof. Dr. Esin \u0130SP\u0130R (S\u00fct\u00e7\u00fc \u0130mam University)<\/p>\n\n\n\n<p>Prof. Dr. Abdulkadir LEVENT (Batman University)<\/p>\n\n\n\n<p>Prof. Dr. \u00d6zlem SEL\u00c7UK ZORER (Van Y\u00fcz\u00fcnc\u00fc Y\u0131l University)<\/p>\n\n\n\n<p>Prof. Dr. Mehmet G\u00dcLCAN (Van Y\u00fcz\u00fcnc\u00fc Y\u0131l University)<\/p>\n\n\n\n<p>Prof. Dr. Nurettin MENGE\u015e (Necmettin Erbakan University)<\/p>\n\n\n\n<p>Prof. Dr. Asl\u0131 \u00c7\u0130L\u0130NG\u0130R YELTEK\u0130N (Van Y\u00fcz\u00fcnc\u00fc Y\u0131l University)<\/p>\n\n\n\n<p>Assoc. Prof. P\u0131nar TALAY PINAR (Van Y\u00fcz\u00fcnc\u00fc Y\u0131l University)<\/p>\n\n\n\n<p>Assoc. Prof. Meltem TAN UYGUN (Van Y\u00fcz\u00fcnc\u00fc Y\u0131l University)<\/p>\n\n\n\n<p>Assoc. Prof. Hilal \u00c7EL\u0130K KAZICI (Van Y\u00fcz\u00fcnc\u00fc Y\u0131l University)<\/p>\n\n\n\n<p>Assoc. Prof. Y\u00fcksel AKINAY (Van Y\u00fcz\u00fcnc\u00fc Y\u0131l University)<\/p>\n\n\n\n<p>Assoc. Prof. Dilara \u00d6ZT\u00dcRK (Van Y\u00fcz\u00fcnc\u00fc Y\u0131l University)<\/p>\n\n\n\n<p>Assoc. Prof. Eda G\u00d6KIRMAK S\u00d6\u011e\u00dcT (Van Y\u00fcz\u00fcnc\u00fc Y\u0131l University)<\/p>\n\n\n\n<p>Dr. Metin \u00c7ELEB\u0130 (Van Y\u00fcz\u00fcnc\u00fc Y\u0131l University)<\/p>\n\n\n\n<p>Dr. Beyza CAB\u0130R (Van Y\u00fcz\u00fcnc\u00fc Y\u0131l University)<\/p>\n\n\n\n<p>Do\u00e7. Dr. Furgan ASLANO\u011eLU&nbsp;(Van Y\u00fcz\u00fcnc\u00fc Y\u0131l \u00dcniversitesi)<\/p>\n\n\n\n<p>Do\u00e7. Dr. \u00c7i\u011fdem \u00d6TER (Van Y\u00fcz\u00fcnc\u00fc Y\u0131l \u00dcniversitesi)<\/p>\n\n\n\n<p>Dr. Adem R\u00dcZGAR (Van Y\u00fcz\u00fcnc\u00fc Y\u0131l University)<\/p>\n\n\n\n<p>Do\u00e7. Dr. Ya\u015far KARATA\u015e (Van Y\u00fcz\u00fcnc\u00fc Y\u0131l \u00dcniversitesi)<\/p>\n\n\n\n<h4 class=\"wp-block-heading\"><strong>Scientific Committee<\/strong><\/h4>\n\n\n\n<p>Prof. Dr. Fabienne Dumoulin (Ac\u0131badem \u00dcniversitesi)<br>Prof. Dr. Beyhan Yi\u011fit (Ad\u0131yaman \u00dcniversitesi)<br>Prof. Dr. Murat Yi\u011fit (Ad\u0131yaman \u00dcniversitesi)<br>Prof. Dr. Muhammet Emin G\u00fcnay (Adnan Menderes \u00dcniversitesi\u00a0)<br>Prof. Dr. \u0130brahim Erol (Afyon Kocatepe \u00dcniversitesi)<br>Prof. Dr. Meltem Asilt\u00fcrk Ersoy (Akdeniz \u00dcniversitesi\u00a0)<br>Prof. Dr. P\u0131nar \u00c7amurlu (Akdeniz \u00dcniversitesi\u00a0)<br>Prof. Dr. Selen Bilge Ko\u00e7ak (Ankara \u00dcniversitesi)<br>Prof. Dr. Sibel Ay\u015f\u0131l \u00d6zkan (Ankara \u00dcniversitesi)<br>Prof. Dr. Bengi Uslu (Ankara \u00dcniversitesi)<br>Prof. Dr. Arif Da\u015ftan (Atat\u00fcrk \u00dcniversitesi)<br>Do\u00e7. Dr. Bilal Ni\u015fanc\u0131 (Atat\u00fcrk \u00dcniversitesi)<br>Prof. Dr. Harun Budak (Atat\u00fcrk \u00dcniversitesi)<br>Prof. Dr. Hasan Se\u00e7en (Atat\u00fcrk \u00dcniversitesi)<br>Prof. Dr. \u0130lhami G\u00fcl\u00e7in (Atat\u00fcrk \u00dcniversitesi)<br>Prof. Dr. \u00d6mer \u0130rfan K\u00fcfrevio\u011flu (Atat\u00fcrk \u00dcniversitesi)<br>Prof. Dr. Yunus Kara (Atat\u00fcrk \u00dcniversitesi)<br>Prof. Dr. Y\u00fccel Kad\u0131o\u011flu (Atat\u00fcrk \u00dcniversitesi)<br>Do\u00e7. Dr. Fatma Ekmekyapar Torun (Atat\u00fcrk \u00dcniversitesi)<br>Prof. Dr. Mehmet Zahmak\u0131ran (Bart\u0131n \u00dcniversitesi)<br>Prof. Dr. Murat Rakap (Bart\u0131n \u00dcniversitesi)<br>Prof. Dr. Sel\u00e7uk G\u00fcm\u00fc\u015f (Bart\u0131n \u00dcniversitesi)<br>Prof. Dr. Ay\u015feg\u00fcl G\u00fcm\u00fc\u015f (Bart\u0131n \u00dcniversitesi)<br>Do\u00e7. Dr. Re\u015fit \u00c7akmak (Batman \u00dcniversitesi)<br>Prof. Dr. Tar\u0131k Aral (Batman \u00dcniversitesi)<br>Prof. Dr. Emrah \u00d6zensoy (Bilkent \u00dcniversitesi)<br>Prof. Dr. \u00d6mer Da\u011f (Bilkent \u00dcniversitesi)<br>Prof. Dr. Sibel Duman (Bing\u00f6l \u00dcniversitesi)<br>Prof. Dr. Ahmet Kerim Avc\u0131 (Bo\u011fazi\u00e7i \u00dcniversitesi)<br>Prof. Dr. Kamil \u015eirin (Celal Bayar \u00dcniversitesi)<br>Do\u00e7. Dr. Neslihan \u015eahin (Cumhuriyet \u00dcniversitesi)<br>Prof. Dr. Sava\u015f Kaya (Cumhuriyet \u00dcniversitesi)<br>Prof. Dr. Dursun Sarayd\u0131n (Cumhuriyet \u00dcniversitesi\u00a0\u00a0)<br>Prof. Dr. \u0130smet Kaya (\u00c7anakkale Onsekiz Mart \u00dcniversitesi)<br>Prof. Dr. Osman Dayan (\u00c7anakkale Onsekiz Mart \u00dcniversitesi)<br>Prof. Dr. \u00d6mer Faruk \u00d6zt\u00fcrk (\u00c7anakkale Onsekiz Mart \u00dcniversitesi)<br>Prof. Dr. Yusuf Dilgin (\u00c7anakkale Onsekiz Mart \u00dcniversitesi)<br>Prof. Dr. Emel Y\u0131ld\u0131z (\u00c7ukurova \u00dcniversitesi)<br>Prof. Dr. G\u00fclfeza Karda\u015f (\u00c7ukurova \u00dcniversitesi\u00a0)<br>Prof. Dr. Abdulselam Erta\u015f (Dicle \u00dcniversitesi)<br>Prof. Dr. Ak\u0131n Baysal (Dicle \u00dcniversitesi)<br>Prof. Dr. Cezmi Kayan (Dicle \u00dcniversitesi)<br>Prof. Dr. Feyyaz Durap (Dicle \u00dcniversitesi)<br>Do\u00e7. Dr. Murat Yavuz (Dicle \u00dcniversitesi)<br>Prof. Dr. Necmettin Pirin\u00e7\u00e7io\u011flu (Dicle \u00dcniversitesi)<br>Prof. Dr. F\u0131rat Ayd\u0131n (Dicle \u00dcniversitesi\u00a0)<br>Prof. Dr. Murat Aydemir (Dicle \u00dcniversitesi)<br>Prof. Dr. Elif Suba\u015f\u0131 (Dokuz Eyl\u00fcl \u00dcniversitesi)<br>Prof. Dr. Kadriye Ertekin (Dokuz Eyl\u00fcl \u00dcniversitesi)<br>Prof. Dr. B\u00fclent Zeybek (Dumlup\u0131nar \u00dcniversitesi)<br>Prof. Dr. Cengiz Yenikaya (Dumlup\u0131nar \u00dcniversitesi)<br>Prof. Dr. Fatih \u015een (Dumlup\u0131nar \u00dcniversitesi)<br>Prof. Dr. Nurg\u00fcn B\u00fcy\u00fckk\u0131dan (Dumlup\u0131nar \u00dcniversitesi)<br>Prof. Dr. Zafer \u00dcst\u00fcnda\u011f (Dumlup\u0131nar \u00dcniversitesi)<br>Prof. Dr. Dilek Odac\u0131 (Ege \u00dcniversitesi)<br>Prof. Dr. Figen Zihnio\u011flu (Ege \u00dcniversitesi)<br>Prof. Dr. Sinan Akg\u00f6l (Ege \u00dcniversitesi)<br>Prof. Dr. Suna Timur (Ege \u00dcniversitesi)<br>Prof. Dr. S\u00fcleyman G\u00fclcemal (Ege \u00dcniversitesi)<br>Prof. Dr. K. Arzum Erdem G\u00fcrsan ( Ege \u00dcniversitesi)<br>Prof. Dr. Emin Sar\u0131p\u0131nar (Erciyes \u00dcniversitesi)<br>Prof. Dr. Mustafa Soylak (Erciyes \u00dcniversitesi)<br>Prof. Dr. Nalan \u00d6zdemir (Erciyes \u00dcniversitesi)<br>Prof. Dr. Nilg\u00fcn \u00d6zpozan (Erciyes \u00dcniversitesi)<br>Prof. Dr. Erdal Canpolat (F\u0131rat \u00dcniversitesi)<br>Prof. Dr. Kadir Demirelli (F\u0131rat \u00dcniversitesi)<br>Prof. Dr. Kenan Koran (F\u0131rat \u00dcniversitesi)<br>Prof. Dr. Mehmet Yaman (F\u0131rat \u00dcniversitesi)<br>Prof. Dr. Memet \u015eekerci (F\u0131rat \u00dcniversitesi)<br>Prof. Dr. Mustafa Karatepe (F\u0131rat \u00dcniversitesi)<br>Prof. Dr. Sinan Saydam (F\u0131rat \u00dcniversitesi)<br>Do\u00e7. Dr. Fatih Biryan (F\u0131rat \u00dcniversitesi\u00a0\u00a0)<br>Prof. Dr. Alev Do\u011fan (Gazi \u00dcniversitesi)<br>Prof. Dr. Bekir Sar\u0131 (Gazi \u00dcniversitesi)<br>Prof. Dr. Elif Lo\u011fo\u011flu (Gazi \u00dcniversitesi)<br>Prof. Dr. Fatma Arslan (Gazi \u00dcniversitesi)<br>Prof. Dr. G\u00fclay Bayramo\u011flu (Gazi \u00dcniversitesi)<br>Prof. Dr. Mehmet Say\u0131m Karacan (Gazi \u00dcniversitesi)<br>Prof. Dr. Niyazi Alper Tapan (Gazi \u00dcniversitesi)<br>Prof. Dr. Nusret Kavak (Gazi \u00dcniversitesi)<br>Prof. Dr. \u00dcmm\u00fchan \u00d6zdemir \u00d6zmen (Gazi \u00dcniversitesi)<br>Prof. Dr. Dilek Var\u0131\u015fl\u0131 (Gazi \u00dcniversitesi)<br>Prof. Dr. Mehmet S\u00f6nmez (Gaziantep \u00dcniversitesi)<br>Prof. Dr. Ay\u015fe G\u00fcl G\u00fcrek (Gebze Teknik \u00dcniversitesi)<br>Prof. Dr. B\u00fcnyemin \u00c7o\u015fut (Gebze Teknik \u00dcniversitesi)<br>Prof. Dr. G\u00f6n\u00fcl Yenilmez \u00c7ift\u00e7i (Gebze Teknik \u00dcniversitesi)<br>Prof. Dr. Serap Be\u015fli (Gebze Teknik \u00dcniversitesi)<br>Prof. Dr. Serkan Ye\u015filot (Gebze Teknik \u00dcniversitesi)<br>Prof. Dr. \u00dcmit Demir (Gebze Teknik \u00dcniversitesi)<br>Prof. Dr. Yunus Zorlu (Gebze Teknik \u00dcniversitesi)<br>Prof. Dr. Devrim Atilla (Gebze Teknik \u00dcniversitesi\u00a0)<br>Prof. Dr. Birsen \u015eeng\u00fcl Oksal (Giresun \u00dcniversitesi)<br>Prof. Dr. Adil Denizli (Hacettepe \u00dcniversitesi)<br>Do\u00e7. Dr. Bengi \u00d6zg\u00fcn \u00d6zt\u00fcrk (Hacettepe \u00dcniversitesi)<br>Prof. Dr. Filiz Kuralay (Hacettepe \u00dcniversitesi)<br>Prof. Dr. Solmaz Karabulut \u015eehito\u011flu (Hacettepe \u00dcniversitesi)<br>Prof. Dr. U\u011fur Bozkaya (Hacettepe \u00dcniversitesi)<br>Prof. Dr. Ahmet K\u0131l\u0131\u00e7 (Harran \u00dcniversitesi)<br>Prof. Dr. Mustafa De\u011firmenci (Harran \u00dcniversitesi)<br>Prof. Dr. Dursun Ali K\u00f6se (Hitit \u00dcniversitesi)<br>Prof. Dr. Ahmet G\u00fcltek (\u0130n\u00f6n\u00fc \u00dcniversitesi)<br>Prof. Dr. Burhan Ate\u015f (\u0130n\u00f6n\u00fc \u00dcniversitesi)<br>Prof. Dr. Gamze Erdo\u011fdu (\u0130n\u00f6n\u00fc \u00dcniversitesi)<br>Prof. Dr. H\u00fcseyin Karaca (\u0130n\u00f6n\u00fc \u00dcniversitesi)<br>Prof. Dr. \u0130smail \u00d6zdemir (\u0130n\u00f6n\u00fc \u00dcniversitesi)<br>Prof. Dr. Mustafa S\u00fcl\u00fc (\u0130n\u00f6n\u00fc \u00dcniversitesi)<br>Dr. \u00d6\u011fr. \u00dcyesi Nurhayat \u00d6zdemir (\u0130n\u00f6n\u00fc \u00dcniversitesi)<br>Prof. Dr. Saliha Bege\u00e7 (\u0130n\u00f6n\u00fc \u00dcniversitesi)<br>Prof. Dr. Sedat Ya\u015far (\u0130n\u00f6n\u00fc \u00dcniversitesi)<br>Prof. Dr. Sema Erdemo\u011flu (\u0130n\u00f6n\u00fc \u00dcniversitesi)<br>Prof. Dr. Serpil Demir D\u00fc\u015f\u00fcnceli (\u0130n\u00f6n\u00fc \u00dcniversitesi)<br>Prof. Dr. S\u00fcleyman K\u00f6ytepe (\u0130n\u00f6n\u00fc \u00dcniversitesi)<br>Do\u00e7. Dr. Yunus \u00d6nal (\u0130n\u00f6n\u00fc \u00dcniversitesi)<br>Prof. Dr. Hasan K\u00fc\u00e7\u00fckbay (\u0130n\u00f6n\u00fc \u00dcniversitesi)<br>Prof. Dr. Ay\u015fe Er\u00e7a\u011f (\u0130stanbul \u00dcniversitesi Cerrahpa\u015fa)<br>Prof. Dr. Erol Er\u00e7a\u011f (\u0130stanbul \u00dcniversitesi Cerrahpa\u015fa)<br>Prof. Dr. Ali S\u0131na\u011f (\u0130stanbul Ayd\u0131n \u00dcniversitesi)<br>Prof. Dr. Ay\u015feg\u00fcl G\u00f6lc\u00fc (\u0130stanbul Teknik \u00dcniversitesi)<br>Prof. Dr. Bar\u0131\u015f K\u0131\u015fkan (\u0130stanbul Teknik \u00dcniversitesi)<br>Prof. Dr. Esin Hamuryudan (\u0130stanbul Teknik \u00dcniversitesi)<br>Prof. Dr. \u0130smail Y\u0131lmaz (\u0130stanbul Teknik \u00dcniversitesi)<br>Prof. Dr. Turan \u00d6zt\u00fcrk (\u0130stanbul Teknik \u00dcniversitesi)<br>Prof. Dr. Mustafa Re\u015fat Apak (\u0130stanbul \u00dcniversitesi)<br>Prof. Dr. Levent Artok (\u0130zmir Y\u00fcksek Teknoloji Enstit\u00fcs\u00fc)<br>Prof. Dr. Mehtap Eanes (\u0130zmir Y\u00fcksek Teknoloji Enstit\u00fcs\u00fc)<br>Prof. Dr. Selahattin Y\u0131lmaz (\u0130zmir Y\u00fcksek Teknoloji Enstit\u00fcs\u00fc)<br>Prof. Dr. Celal Duran (Karadeniz Teknik \u00dcniversitesi)<br>Prof. Dr. Halit Kantekin (Karadeniz Teknik \u00dcniversitesi)<br>Prof. Dr. Kamil Kaygusuz (Karadeniz Teknik \u00dcniversitesi)<br>Prof. Dr. Veysel Turan Y\u0131lmaz (Karadeniz Teknik \u00dcniversitesi)<br>Prof. Dr. Zekeriya B\u0131y\u0131kl\u0131o\u011flu (Karadeniz Teknik \u00dcniversitesi)<br>Prof. Dr. \u015eaban Uysal (Karab\u00fck \u00dcniversitesi)<br>Prof. Dr. Hakan Tahtac\u0131 (Karab\u00fck \u00dcniversitesi)<br>Prof. Dr. Sevil \u00c7etinkaya (K\u0131r\u0131kkale \u00dcniversitesi)<br>Prof. Dr. Ay\u015fe Nilg\u00fcn Ak\u0131n (Kocaeli \u00dcniversitesi)<br>Prof. Dr. \u00d6nder Metin (Ko\u00e7 \u00dcniversitesi)<br>Prof. Dr. Seda Keskin (Ko\u00e7 \u00dcniversitesi)<br>Prof Dr. Alper Uzun (Ko\u00e7 \u00dcniversitesi)<br>Do\u00e7. Dr. Sarp Kaya (Ko\u00e7 \u00dcniversitesi)<br>Do\u00e7. Dr. \u00d6\u011fr. \u00dcyesi. \u0130hsan Alacabey (Mardin Artuklu \u00dcniversitesi)<br>Prof. Dr. Bahattin Yal\u00e7\u0131n (Marmara \u00dcniversitesi)<br>Prof. Dr. \u00dcmit \u0130\u015f\u00e7i (Marmara \u00dcniversitesi)<br>Prof. Dr. Ertu\u011frul Gazi Sa\u011flam (Marmara \u00dcniversitesi)<br>Do\u00e7. Dr. Esra Hacer Kak\u0131 (Marmara \u00dcniversitesi)<br>Prof. Dr. Ahmet Murat Gizir (Mersin \u00dcniversitesi)<br>Do\u00e7. Dr. \u0130lkay G\u00fcm\u00fc\u015f (Mersin \u00dcniversitesi)<br>Do\u00e7. Dr. Mustafa Kemal Y\u0131lmaz (Mersin \u00dcniversitesi)<br>Prof. Dr. Nermin \u015eim\u015fek Ku\u015f (Mersin \u00dcniversitesi)<br>Prof. Dr. Hakan Arslan (Mersin \u00dcniversitesi\u00a0)<br>Do\u00e7. Dr. Kenan Buldurun (Mu\u015f Alparslan \u00dcniversitesi)<br>Prof. Dr. Nevin Turan \u00d6zek (Mu\u015f Alparslan \u00dcniversitesi)<br>Prof. Dr. \u0130brahim \u0130smet \u00d6zt\u00fcrk (Nam\u0131k Kemal \u00dcniversitesi)<br>Prof. Dr. Elvan \u00dcst\u00fcn (Ordu \u00dcniversitesi)<br>Prof. Dr. Latif Kelebekli (Ordu \u00dcniversitesi)<br>Prof. Dr. Ali \u00c7\u0131rpan (Orta Do\u011fu Teknik \u00dcniversitesi)<br>Prof. Dr. Saim \u00d6zkar (Orta Do\u011fu Teknik \u00dcniversitesi)<br>Prof. Dr. Deniz \u00dcner (Orta Do\u011fu Teknik \u00dcniversitesi\u00a0\u00a0)<br>Prof. Dr. Okan Zafer Ye\u015filel (Osman Gazi \u00dcniversitesi\u00a0)<br>Prof. Dr. Arif K\u0131vrak (Osmangazi \u00dcniversitesi)<br>Prof. Dr. Sibel Akar (Osmangazi \u00dcniversitesi)<br>Prof. Dr. Tamer Akar (Osmangazi \u00dcniversitesi)<br>Prof. Dr. Tufan G\u00fcray (Osmangazi \u00dcniversitesi)<br>Prof. Dr. Vural B\u00fct\u00fcn (Osmangazi \u00dcniversitesi)<br>Prof. Dr. Metin Ak (Pamukkale \u00dcniversitesi)<br>Prof. Dr. Rafet K\u0131l\u0131n\u00e7arslan (Pamukkale \u00dcniversitesi)<br>Do\u00e7. Dr. Mustafa Kemal Beyaz\u0131t (Sabanc\u0131 \u00dcniversitesi)<br>Prof. Dr. Salih Zeki Y\u0131ld\u0131z (Sakarya \u00dcniversitesi)<br>Prof. Dr. \u0130mren Hatay Pat\u0131r (Sel\u00e7uk \u00dcniversitesi)<br>Prof. Dr. Halil \u0130brahim Ulusoy (Sivas Cumhuriyet \u00dcniversitesi)<br>Prof. Dr. M\u00fckerrem Kurto\u011flu (S\u00fct\u00e7\u00fc \u0130mam \u00dcniversitesi)<br>Prof. Dr. Kas\u0131m Ocako\u011flu (Tarsus \u00dcniversitesi)<br>Prof. Dr. Mine \u0130nce Ocako\u011flu (Tarsus \u00dcniversitesi)<br>Prof. Dr. Fatih Polat (Tokat Gaziosmanpa\u015fa \u00dcniversitesi)<br>Dr. \u00d6\u011fr. \u00dcyesi Samira Fatma Kurto\u011flu \u00d6ztulum (T\u00fcrk &#8211; Alman \u00dcniversitesi)<br>Prof. Dr. Esvet Akba\u015f (Van Y\u00fcz\u00fcnc\u00fc Y\u0131l \u00dcniversitesi)<br>Prof. Dr. Halit Demir (Van Y\u00fcz\u00fcnc\u00fc Y\u0131l \u00dcniversitesi)<br>Prof. Dr. Hasan Gen\u00e7 (Van Y\u00fcz\u00fcnc\u00fc Y\u0131l \u00dcniversitesi)<br>Prof. Dr. \u0130shak Bildirici (Van Y\u00fcz\u00fcnc\u00fc Y\u0131l \u00dcniversitesi)<br>Prof. Dr. Mehmet Tun\u00e7 (Van Y\u00fcz\u00fcnc\u00fc Y\u0131l \u00dcniversitesi)<br>Prof. Dr. Necla \u00c7al\u0131\u015fkan K\u0131l\u0131\u00e7 (Van Y\u00fcz\u00fcnc\u00fc Y\u0131l \u00dcniversitesi)<br>Prof. Dr. Nurhayat Atasoy (Van Y\u00fcz\u00fcnc\u00fc Y\u0131l \u00dcniversitesi)<br>Prof. Dr. Suat Ekin (Van Y\u00fcz\u00fcnc\u00fc Y\u0131l \u00dcniversitesi)<br>Prof. Dr. \u015eenol Kubilay (Van Y\u00fcz\u00fcnc\u00fc Y\u0131l \u00dcniversitesi)<br>Prof. Dr. Vedat T\u00fcrko\u011flu (Van Y\u00fcz\u00fcnc\u00fc Y\u0131l \u00dcniversitesi)<br>Prof. Dr. Yavuz Yard\u0131m (Van Y\u00fcz\u00fcnc\u00fc Y\u0131l \u00dcniversitesi)<br>Prof Dr Halil Durak (Van Y\u00fcz\u00fcnc\u00fc Y\u0131l \u00dcniversitesi)<br>Prof Dr Vahap Y\u00f6nten (Van Y\u00fcz\u00fcnc\u00fc Y\u0131l \u00dcniversitesi)<br>Do\u00e7. Dr. Adem Zengin (Van Y\u00fcz\u00fcnc\u00fc Y\u0131l \u00dcniversitesi)<br>Do\u00e7. Dr. Muhammet G\u00fcler (Van Y\u00fcz\u00fcnc\u00fc Y\u0131l \u00dcniversitesi)<br>Do\u00e7. Dr. U\u011fur \u00d6zdek (Van Y\u00fcz\u00fcnc\u00fc Y\u0131l \u00dcniversitesi)<br>Do\u00e7. Dr. Burak Kuzu (Van Y\u00fcz\u00fcnc\u00fc Y\u0131l \u00dcniversitesi)<br>Dr. \u00d6\u011fr. \u00dcyesi Ali Savran (Van Y\u00fcz\u00fcnc\u00fc Y\u0131l \u00dcniversitesi)<br>Dr. \u00d6\u011fr. \u00dcyesi Ali R\u0131za Kul (Van Y\u00fcz\u00fcnc\u00fc Y\u0131l \u00dcniversitesi)<br>Dr. \u00d6\u011fr. \u00dcyesi Hasan Erge (Van Y\u00fcz\u00fcnc\u00fc Y\u0131l \u00dcniversitesi)<br>Dr. \u00d6\u011fr. \u00dcyesi T\u00fclay G\u00fcrsoy (Van Y\u00fcz\u00fcnc\u00fc Y\u0131l \u00dcniversitesi)<br>Do\u00e7. Dr. Mustafa T\u00fcys\u00fcz (Van Y\u00fcz\u00fcnc\u00fc Y\u0131l \u00dcniversitesi)<br>Prof. Dr. Sevgi Ayd\u0131n G\u00fcnbatar (Van Y\u00fcz\u00fcnc\u00fc Y\u0131l \u00dcniversitesi)<br>Do\u00e7. Dr. Adnan \u00c7etin (Van Y\u00fcz\u00fcnc\u00fc Y\u0131l \u00dcniversitesi)<br>Do\u00e7. Dr. Hatice K\u0131z\u0131lta\u015f (Van Y\u00fcz\u00fcnc\u00fc Y\u0131l \u00dcniversitesi)<br>Dr. \u00d6\u011fr. \u00dcyesi Adnan Y\u0131ld\u0131z (Van Y\u00fcz\u00fcnc\u00fc Y\u0131l \u00dcniversitesi)<br>Prof. Dr. Fehime J\u00fclide H\u0131zal Y\u00fccesoy (Yalova \u00dcniversitesi)<br>Prof. Dr. Belk\u0131z Bilgin Eran (Y\u0131ld\u0131z Teknik \u00dcniversitesi)<br>Prof. Dr. Hale Ocak G\u00fcmr\u00fck\u00e7\u00fc (Y\u0131ld\u0131z Teknik \u00dcniversitesi)<br>Prof. Dr. Dolunay \u015eakar Da\u015fdan (Y\u0131ld\u0131z Teknik \u00dcniversitesi\u00a0)<br>Prof. Dr. Huriye Akda\u015f K\u0131l\u0131\u00e7 (Y\u0131ld\u0131z Teknik \u00dcniversitesi\u00a0)<br>Prof. Dr. Muhammet Kas\u0131m \u015eener (Y\u0131ld\u0131z Teknik \u00dcniversitesi\u00a0)<br>Prof. Dr. Sezgin Bak\u0131rdere (Y\u0131ld\u0131z Teknik \u00dcniversitesi\u00a0)<br>Prof. Dr. Ahmet Karada\u011f (Yozgat Bozok \u00dcniversitesi)<br>Dr. Deniz G\u00fcne\u015f (Denge Kimya)<br>Dr. Cemil D\u0131zman (Kayalar Kimya)<\/p>\n\n\n\n<p><\/p>","protected":false},"excerpt":{"rendered":"<p>Onursal Ba\u015fkanlar Prof. Dr. Hamdullah \u015eEVL\u0130 &#8211; Van Y\u00fcz\u00fcnc\u00fc Y\u0131l \u00dcniversitesi Rekt\u00f6r\u00fc Prof. Dr. Bahattin YAL\u00c7IN&nbsp;&nbsp;\u2013&nbsp;T\u00fcrkiye Kimya Derne\u011fi Y\u00f6netim Kurulu Ba\u015fkan\u0131 Kongre D\u00fczenleme Kurulu Ba\u015fkan\u0131 Prof. Dr. Mehmet G\u00dcLCAN Kongre Genel Sekreteri Prof. Dr. \u00d6zlem SEL\u00c7UK ZORER Kongre D\u00fczenleme Kurulu Prof. Dr. \u0130brahim Hakk\u0131 Y\u00d6R\u00dcK (Van Y\u00fcz\u00fcnc\u00fc Y\u0131l \u00dcniversitesi) Prof. Dr. Hamdullah KILI\u00c7&nbsp;(Atat\u00fcrk \u00dcniversitesi) Prof. [&hellip;]<\/p>","protected":false},"author":1,"featured_media":0,"parent":0,"menu_order":0,"comment_status":"closed","ping_status":"closed","template":"","meta":{"footnotes":""},"class_list":["post-21","page","type-page","status-publish","hentry"],"blocksy_meta":[],"_links":{"self":[{"href":"https:\/\/kimya2025.com\/en\/wp-json\/wp\/v2\/pages\/21","targetHints":{"allow":["GET"]}}],"collection":[{"href":"https:\/\/kimya2025.com\/en\/wp-json\/wp\/v2\/pages"}],"about":[{"href":"https:\/\/kimya2025.com\/en\/wp-json\/wp\/v2\/types\/page"}],"author":[{"embeddable":true,"href":"https:\/\/kimya2025.com\/en\/wp-json\/wp\/v2\/users\/1"}],"replies":[{"embeddable":true,"href":"https:\/\/kimya2025.com\/en\/wp-json\/wp\/v2\/comments?post=21"}],"version-history":[{"count":46,"href":"https:\/\/kimya2025.com\/en\/wp-json\/wp\/v2\/pages\/21\/revisions"}],"predecessor-version":[{"id":1369,"href":"https:\/\/kimya2025.com\/en\/wp-json\/wp\/v2\/pages\/21\/revisions\/1369"}],"wp:attachment":[{"href":"https:\/\/kimya2025.com\/en\/wp-json\/wp\/v2\/media?parent=21"}],"curies":[{"name":"wp","href":"https:\/\/api.w.org\/{rel}","templated":true}]}}