{"id":18,"date":"2023-11-30T16:51:27","date_gmt":"2023-11-30T13:51:27","guid":{"rendered":"https:\/\/kimya2025.com\/?page_id=18"},"modified":"2025-04-07T13:09:34","modified_gmt":"2025-04-07T10:09:34","slug":"genel-bilgiler","status":"publish","type":"page","link":"https:\/\/kimya2025.com\/en\/genel-bilgiler\/","title":{"rendered":"General Information"},"content":{"rendered":"<p><strong>36. Ulusal Kimya Kongresi 31 A\u011fustos &#8211; 3 Eyl\u00fcl 2025<br>Van Y\u00fcz\u00fcnc\u00fc Y\u0131l University<\/strong><br>Cengiz Andi\u00e7 Cultural Center and Faculty of Engineering<\/p>\n\n\n\n<p><strong>Congress Language<br><\/strong>Turkish<\/p>\n\n\n\n<p><strong>Exhibition Area<br><\/strong>There will be suitable places for exhibitions at the congress venue.<\/p>\n\n\n\n<p><strong>Participation Certificates<br><\/strong>Participation certificates for the meeting will be sent as a PDF via email at the end of the congress.<\/p>\n\n\n\n<p><strong>Invitation Letter<br><\/strong>Invitation letters requested for participation in the meeting for institutions will be sent to participants through the Congress Secretariat. Such invitation letters can only be used for permission purposes.<\/p>","protected":false},"excerpt":{"rendered":"<p>36. Ulusal Kimya Kongresi 31 A\u011fustos &#8211; 3 Eyl\u00fcl 2025Van Y\u00fcz\u00fcnc\u00fc Y\u0131l \u00dcniversitesiCengiz Andi\u00e7 K\u00fclt\u00fcr Merkezi ve M\u00fchendislik Fak\u00fcltesi Kongre DiliUlusal Kimya Kongresi&#8217;nin resmi dili T\u00fcrk\u00e7e\u2019 dir. Sergi Alan\u0131Kongre alan\u0131nda sergiler i\u00e7in uygun yerler olacakt\u0131r. Kat\u0131l\u0131m BelgeleriKongre kat\u0131l\u0131m belgeleri Pdf olarak kongre bitiminde kat\u0131l\u0131mc\u0131lara e-posta yolu ile g\u00f6nderilecektir. Davet MektubuToplant\u0131 kat\u0131l\u0131m\u0131 i\u00e7in kurumlara verilmek \u00fczere [&hellip;]<\/p>","protected":false},"author":1,"featured_media":0,"parent":0,"menu_order":0,"comment_status":"closed","ping_status":"closed","template":"","meta":{"footnotes":""},"class_list":["post-18","page","type-page","status-publish","hentry"],"blocksy_meta":[],"_links":{"self":[{"href":"https:\/\/kimya2025.com\/en\/wp-json\/wp\/v2\/pages\/18","targetHints":{"allow":["GET"]}}],"collection":[{"href":"https:\/\/kimya2025.com\/en\/wp-json\/wp\/v2\/pages"}],"about":[{"href":"https:\/\/kimya2025.com\/en\/wp-json\/wp\/v2\/types\/page"}],"author":[{"embeddable":true,"href":"https:\/\/kimya2025.com\/en\/wp-json\/wp\/v2\/users\/1"}],"replies":[{"embeddable":true,"href":"https:\/\/kimya2025.com\/en\/wp-json\/wp\/v2\/comments?post=18"}],"version-history":[{"count":7,"href":"https:\/\/kimya2025.com\/en\/wp-json\/wp\/v2\/pages\/18\/revisions"}],"predecessor-version":[{"id":1075,"href":"https:\/\/kimya2025.com\/en\/wp-json\/wp\/v2\/pages\/18\/revisions\/1075"}],"wp:attachment":[{"href":"https:\/\/kimya2025.com\/en\/wp-json\/wp\/v2\/media?parent=18"}],"curies":[{"name":"wp","href":"https:\/\/api.w.org\/{rel}","templated":true}]}}