{"id":1322,"date":"2025-08-27T17:12:12","date_gmt":"2025-08-27T14:12:12","guid":{"rendered":"https:\/\/kimya2025.com\/?page_id=1322"},"modified":"2025-08-29T18:46:23","modified_gmt":"2025-08-29T15:46:23","slug":"shuttle-ulasim","status":"publish","type":"page","link":"https:\/\/kimya2025.com\/en\/shuttle-ulasim\/","title":{"rendered":"Shuttle-Ula\u015f\u0131m"},"content":{"rendered":"<div data-elementor-type=\"wp-page\" data-elementor-id=\"1322\" class=\"elementor elementor-1322\" data-elementor-post-type=\"page\">\n\t\t\t\t<div class=\"elementor-element elementor-element-d6f74ca e-flex e-con-boxed e-con e-parent\" data-id=\"d6f74ca\" data-element_type=\"container\">\n\t\t\t\t\t<div class=\"e-con-inner\">\n\t\t\t\t<div class=\"elementor-element elementor-element-7073710 elementor-widget elementor-widget-n-accordion\" data-id=\"7073710\" data-element_type=\"widget\" data-settings=\"{&quot;default_state&quot;:&quot;all_collapsed&quot;,&quot;max_items_expended&quot;:&quot;one&quot;,&quot;n_accordion_animation_duration&quot;:{&quot;unit&quot;:&quot;ms&quot;,&quot;size&quot;:400,&quot;sizes&quot;:[]}}\" data-widget_type=\"nested-accordion.default\">\n\t\t\t\t<div class=\"elementor-widget-container\">\n\t\t\t\t\t\t\t<div class=\"e-n-accordion\" aria-label=\"Accordion. Open links with Enter or Space, close with Escape, and navigate with Arrow Keys\">\n\t\t\t\t\t\t<details id=\"e-n-accordion-item-1170\" class=\"e-n-accordion-item\" >\n\t\t\t\t<summary class=\"e-n-accordion-item-title\" data-accordion-index=\"1\" tabindex=\"0\" aria-expanded=\"false\" aria-controls=\"e-n-accordion-item-1170\" >\n\t\t\t\t\t<span class='e-n-accordion-item-title-header'><div class=\"e-n-accordion-item-title-text\"> Van Ula\u015f\u0131m Haritalar\u0131 <\/div><\/span>\n\t\t\t\t\t\t\t<span class='e-n-accordion-item-title-icon'>\n\t\t\t<span class='e-opened' ><svg aria-hidden=\"true\" class=\"e-font-icon-svg e-fas-minus\" viewbox=\"0 0 448 512\" xmlns=\"http:\/\/www.w3.org\/2000\/svg\"><path d=\"M416 208H32c-17.67 0-32 14.33-32 32v32c0 17.67 14.33 32 32 32h384c17.67 0 32-14.33 32-32v-32c0-17.67-14.33-32-32-32z\"><\/path><\/svg><\/span>\n\t\t\t<span class='e-closed'><svg aria-hidden=\"true\" class=\"e-font-icon-svg e-fas-plus\" viewbox=\"0 0 448 512\" xmlns=\"http:\/\/www.w3.org\/2000\/svg\"><path d=\"M416 208H272V64c0-17.67-14.33-32-32-32h-32c-17.67 0-32 14.33-32 32v144H32c-17.67 0-32 14.33-32 32v32c0 17.67 14.33 32 32 32h144v144c0 17.67 14.33 32 32 32h32c17.67 0 32-14.33 32-32V304h144c17.67 0 32-14.33 32-32v-32c0-17.67-14.33-32-32-32z\"><\/path><\/svg><\/span>\n\t\t<\/span>\n\n\t\t\t\t\t\t<\/summary>\n\t\t\t\t<div role=\"region\" aria-labelledby=\"e-n-accordion-item-1170\" class=\"elementor-element elementor-element-843c7b2 e-con-full e-flex e-con e-child\" data-id=\"843c7b2\" data-element_type=\"container\">\n\t\t<div role=\"region\" aria-labelledby=\"e-n-accordion-item-1170\" class=\"elementor-element elementor-element-1c95472 e-flex e-con-boxed e-con e-child\" data-id=\"1c95472\" data-element_type=\"container\">\n\t\t\t\t\t<div class=\"e-con-inner\">\n\t\t\t\t<div class=\"elementor-element elementor-element-8d555ce elementor-widget elementor-widget-text-editor\" data-id=\"8d555ce\" data-element_type=\"widget\" data-widget_type=\"text-editor.default\">\n\t\t\t\t<div class=\"elementor-widget-container\">\n\t\t\t\t\t\t\t\t\t<p>De\u011ferli Kat\u0131l\u0131mc\u0131lar\u0131m\u0131z,<\/p><p>Van\u2019a geldi\u011finizde sizlere yard\u0131mc\u0131 olmak ad\u0131na baz\u0131 ula\u015f\u0131m detaylar\u0131n\u0131 a\u015fa\u011f\u0131da incelemelerinize sunar\u0131z.<\/p><ul><li>Van Ferit Melen Havaliman\u0131\u2019ndan Merkeze giden Otob\u00fcs detaylar\u0131 i\u00e7in a\u015fa\u011f\u0131daki linki inceleyebilirsiniz. <br \/><a href=\"https:\/\/van.bel.tr\/OtobusSaatDetay\/245\" target=\"_blank\" rel=\"noopener\">https:\/\/van.bel.tr\/OtobusSaatDetay\/245<\/a><\/li><li>Van Ferit Melen Havaliman\u0131\u2019ndan ula\u015fabilece\u011finiz baz\u0131 konumlar\u0131n harita g\u00f6rsellerini a\u015fa\u011f\u0131da inceleyebilirsiniz.<\/li><\/ul>\t\t\t\t\t\t\t\t<\/div>\n\t\t\t\t<\/div>\n\t\t\t\t<div class=\"elementor-element elementor-element-821d020 elementor-widget elementor-widget-gallery\" data-id=\"821d020\" data-element_type=\"widget\" data-settings=\"{&quot;columns&quot;:2,&quot;lazyload&quot;:&quot;yes&quot;,&quot;gallery_layout&quot;:&quot;grid&quot;,&quot;columns_tablet&quot;:2,&quot;columns_mobile&quot;:1,&quot;gap&quot;:{&quot;unit&quot;:&quot;px&quot;,&quot;size&quot;:10,&quot;sizes&quot;:[]},&quot;gap_tablet&quot;:{&quot;unit&quot;:&quot;px&quot;,&quot;size&quot;:10,&quot;sizes&quot;:[]},&quot;gap_mobile&quot;:{&quot;unit&quot;:&quot;px&quot;,&quot;size&quot;:10,&quot;sizes&quot;:[]},&quot;link_to&quot;:&quot;file&quot;,&quot;aspect_ratio&quot;:&quot;3:2&quot;,&quot;overlay_background&quot;:&quot;yes&quot;,&quot;content_hover_animation&quot;:&quot;fade-in&quot;}\" data-widget_type=\"gallery.default\">\n\t\t\t\t<div class=\"elementor-widget-container\">\n\t\t\t\t\t\t\t<div class=\"elementor-gallery__container\">\n\t\t\t\t\t\t\t<a class=\"e-gallery-item elementor-gallery-item elementor-animated-content\" href=\"https:\/\/kimya2025.com\/wp-content\/uploads\/2025\/08\/van-harita-01.png\" data-elementor-open-lightbox=\"yes\" data-elementor-lightbox-slideshow=\"821d020\" data-elementor-lightbox-title=\"van-harita-01\" data-e-action-hash=\"#elementor-action%3Aaction%3Dlightbox%26settings%3DeyJpZCI6MTMyNSwidXJsIjoiaHR0cHM6XC9cL2tpbXlhMjAyNS5jb21cL3dwLWNvbnRlbnRcL3VwbG9hZHNcLzIwMjVcLzA4XC92YW4taGFyaXRhLTAxLnBuZyIsInNsaWRlc2hvdyI6IjgyMWQwMjAifQ%3D%3D\">\n\t\t\t\t\t<div class=\"e-gallery-image elementor-gallery-item__image\" data-thumbnail=\"https:\/\/kimya2025.com\/wp-content\/uploads\/2025\/08\/van-harita-01-300x250.png\" data-width=\"300\" data-height=\"250\" aria-label=\"\" role=\"img\" ><\/div>\n\t\t\t\t\t\t\t\t\t\t\t<div class=\"elementor-gallery-item__overlay\"><\/div>\n\t\t\t\t\t\t\t\t\t\t\t\t\t\t<\/a>\n\t\t\t\t\t\t\t<a class=\"e-gallery-item elementor-gallery-item elementor-animated-content\" href=\"https:\/\/kimya2025.com\/wp-content\/uploads\/2025\/08\/Van-harita-02.png\" data-elementor-open-lightbox=\"yes\" data-elementor-lightbox-slideshow=\"821d020\" data-elementor-lightbox-title=\"Van-harita-02\" data-e-action-hash=\"#elementor-action%3Aaction%3Dlightbox%26settings%3DeyJpZCI6MTMyOCwidXJsIjoiaHR0cHM6XC9cL2tpbXlhMjAyNS5jb21cL3dwLWNvbnRlbnRcL3VwbG9hZHNcLzIwMjVcLzA4XC9WYW4taGFyaXRhLTAyLnBuZyIsInNsaWRlc2hvdyI6IjgyMWQwMjAifQ%3D%3D\">\n\t\t\t\t\t<div class=\"e-gallery-image elementor-gallery-item__image\" data-thumbnail=\"https:\/\/kimya2025.com\/wp-content\/uploads\/2025\/08\/Van-harita-02-300x238.png\" data-width=\"300\" data-height=\"238\" aria-label=\"\" role=\"img\" ><\/div>\n\t\t\t\t\t\t\t\t\t\t\t<div class=\"elementor-gallery-item__overlay\"><\/div>\n\t\t\t\t\t\t\t\t\t\t\t\t\t\t<\/a>\n\t\t\t\t\t\t\t<a class=\"e-gallery-item elementor-gallery-item elementor-animated-content\" href=\"https:\/\/kimya2025.com\/wp-content\/uploads\/2025\/08\/Van-Harita-03.png\" data-elementor-open-lightbox=\"yes\" data-elementor-lightbox-slideshow=\"821d020\" data-elementor-lightbox-title=\"Van-Harita-03\" data-e-action-hash=\"#elementor-action%3Aaction%3Dlightbox%26settings%3DeyJpZCI6MTMyNywidXJsIjoiaHR0cHM6XC9cL2tpbXlhMjAyNS5jb21cL3dwLWNvbnRlbnRcL3VwbG9hZHNcLzIwMjVcLzA4XC9WYW4tSGFyaXRhLTAzLnBuZyIsInNsaWRlc2hvdyI6IjgyMWQwMjAifQ%3D%3D\">\n\t\t\t\t\t<div class=\"e-gallery-image elementor-gallery-item__image\" data-thumbnail=\"https:\/\/kimya2025.com\/wp-content\/uploads\/2025\/08\/Van-Harita-03-300x235.png\" data-width=\"300\" data-height=\"235\" aria-label=\"\" role=\"img\" ><\/div>\n\t\t\t\t\t\t\t\t\t\t\t<div class=\"elementor-gallery-item__overlay\"><\/div>\n\t\t\t\t\t\t\t\t\t\t\t\t\t\t<\/a>\n\t\t\t\t\t\t\t<a class=\"e-gallery-item elementor-gallery-item elementor-animated-content\" href=\"https:\/\/kimya2025.com\/wp-content\/uploads\/2025\/08\/Van-harita-04.png\" data-elementor-open-lightbox=\"yes\" data-elementor-lightbox-slideshow=\"821d020\" data-elementor-lightbox-title=\"Van-harita-04\" data-e-action-hash=\"#elementor-action%3Aaction%3Dlightbox%26settings%3DeyJpZCI6MTMyNiwidXJsIjoiaHR0cHM6XC9cL2tpbXlhMjAyNS5jb21cL3dwLWNvbnRlbnRcL3VwbG9hZHNcLzIwMjVcLzA4XC9WYW4taGFyaXRhLTA0LnBuZyIsInNsaWRlc2hvdyI6IjgyMWQwMjAifQ%3D%3D\">\n\t\t\t\t\t<div class=\"e-gallery-image elementor-gallery-item__image\" data-thumbnail=\"https:\/\/kimya2025.com\/wp-content\/uploads\/2025\/08\/Van-harita-04-300x244.png\" data-width=\"300\" data-height=\"244\" aria-label=\"\" role=\"img\" ><\/div>\n\t\t\t\t\t\t\t\t\t\t\t<div class=\"elementor-gallery-item__overlay\"><\/div>\n\t\t\t\t\t\t\t\t\t\t\t\t\t\t<\/a>\n\t\t\t\t\t<\/div>\n\t\t\t\t\t<\/div>\n\t\t\t\t<\/div>\n\t\t\t\t\t<\/div>\n\t\t\t\t<\/div>\n\t\t\t\t<\/div>\n\t\t\t\t\t<\/details>\n\t\t\t\t\t\t<details id=\"e-n-accordion-item-1171\" class=\"e-n-accordion-item\" >\n\t\t\t\t<summary class=\"e-n-accordion-item-title\" data-accordion-index=\"2\" tabindex=\"-1\" aria-expanded=\"false\" aria-controls=\"e-n-accordion-item-1171\" >\n\t\t\t\t\t<span class='e-n-accordion-item-title-header'><div class=\"e-n-accordion-item-title-text\"> Kongre Shuttle Servis Detaylar\u0131 <\/div><\/span>\n\t\t\t\t\t\t\t<span class='e-n-accordion-item-title-icon'>\n\t\t\t<span class='e-opened' ><svg aria-hidden=\"true\" class=\"e-font-icon-svg e-fas-minus\" viewbox=\"0 0 448 512\" xmlns=\"http:\/\/www.w3.org\/2000\/svg\"><path d=\"M416 208H32c-17.67 0-32 14.33-32 32v32c0 17.67 14.33 32 32 32h384c17.67 0 32-14.33 32-32v-32c0-17.67-14.33-32-32-32z\"><\/path><\/svg><\/span>\n\t\t\t<span class='e-closed'><svg aria-hidden=\"true\" class=\"e-font-icon-svg e-fas-plus\" viewbox=\"0 0 448 512\" xmlns=\"http:\/\/www.w3.org\/2000\/svg\"><path d=\"M416 208H272V64c0-17.67-14.33-32-32-32h-32c-17.67 0-32 14.33-32 32v144H32c-17.67 0-32 14.33-32 32v32c0 17.67 14.33 32 32 32h144v144c0 17.67 14.33 32 32 32h32c17.67 0 32-14.33 32-32V304h144c17.67 0 32-14.33 32-32v-32c0-17.67-14.33-32-32-32z\"><\/path><\/svg><\/span>\n\t\t<\/span>\n\n\t\t\t\t\t\t<\/summary>\n\t\t\t\t<div role=\"region\" aria-labelledby=\"e-n-accordion-item-1171\" class=\"elementor-element elementor-element-f4c8840 e-con-full e-flex e-con e-child\" data-id=\"f4c8840\" data-element_type=\"container\">\n\t\t<div role=\"region\" aria-labelledby=\"e-n-accordion-item-1171\" class=\"elementor-element elementor-element-f643a7f e-flex e-con-boxed e-con e-child\" data-id=\"f643a7f\" data-element_type=\"container\">\n\t\t\t\t\t<div class=\"e-con-inner\">\n\t\t\t\t<div class=\"elementor-element elementor-element-0bc7521 elementor-widget elementor-widget-text-editor\" data-id=\"0bc7521\" data-element_type=\"widget\" data-widget_type=\"text-editor.default\">\n\t\t\t\t<div class=\"elementor-widget-container\">\n\t\t\t\t\t\t\t\t\t<p>Kongremiz s\u00fcresince kat\u0131l\u0131mc\u0131lar\u0131m\u0131z\u0131n ula\u015f\u0131m\u0131n\u0131 kolayla\u015ft\u0131rmak amac\u0131yla belirlenen saatlerde <strong>shuttle servislerimiz<\/strong> hizmet verecektir.<\/p><p>\ud83d\ude90 <strong>Servis Ara\u00e7lar\u0131m\u0131z<\/strong><\/p><ul><li>T\u00fcm servis ara\u00e7lar\u0131n\u0131n \u00f6n cam\u0131nda <strong>kongre afi\u015fimiz<\/strong> bulunacakt\u0131r.<\/li><li>Hareket saatlerine l\u00fctfen dikkat ediniz, zaman\u0131nda servis noktas\u0131nda haz\u0131r bulunman\u0131z\u0131 rica ederiz.<\/li><\/ul><p>\ud83d\udccc <strong>Sabah Seferleri \u2013 Kongre Merkezine Ula\u015f\u0131m<\/strong><br \/>Kongre oturumlar\u0131n\u0131n ba\u015flang\u0131c\u0131na uygun olarak sabah saatlerinde servislerimiz belirtilen noktalardan hareket edecektir.<\/p>\t\t\t\t\t\t\t\t<\/div>\n\t\t\t\t<\/div>\n\t\t\t\t<div class=\"elementor-element elementor-element-4a478a3 elementor-widget elementor-widget-html\" data-id=\"4a478a3\" data-element_type=\"widget\" data-widget_type=\"html.default\">\n\t\t\t\t<div class=\"elementor-widget-container\">\n\t\t\t\t\t<table width=\"100%\" border=\"0\" cellpadding=\"0\" cellspacing=\"0\" class=\"program1\">\n    <tr class=\"workshop\">\n      <td>Tarih<\/td>\n      <td align=\"center\">Hareket\u00a0 Saati<\/td>\n      <td>Otob\u00fcs Kalk\u0131\u015f Yeri-Konumu<\/td>\n      <td>\u0130lgili Ki\u015fi<\/td>\n    <\/tr>\n    <tr>\n      <td rowspan=\"3\" valign=\"baseline\" nowrap=\"nowrap\">31 A\u011fustos Pazar<br>\n        1   Eyl\u00fcl Pazartesi<br>\n      2 Eyl\u00fcl   Sal\u0131<\/td>\n      <td rowspan=\"3\" align=\"center\" valign=\"middle\">08:30<\/td>\n      <td valign=\"middle\"><strong><a href=\"https:\/\/maps.app.goo.gl\/7tryYDogyAAkUFnx5\" target=\"_blank\">Van \u015ei\u015fli \u00d6\u011fretmen Evi (2 Ara\u00e7)<\/a><\/strong><\/td>\n      <td valign=\"middle\">Lokman \u015eener <br>\n      (05313724019)<\/td>\n    <\/tr>\n    <tr>\n      <td valign=\"middle\"><strong><a href=\"https:\/\/maps.app.goo.gl\/xtbBwkY5Jjcf4B9F9\" target=\"_blank\">Halk E\u011fitim Merkezi-Be\u015fyol (1 Ara\u00e7)<\/a><\/strong> <br>      <\/td>\n      <td valign=\"middle\">Bilal Ozcicek <br>\n      (05551106065)<\/td>\n    <\/tr>\n    <tr>\n      <td valign=\"middle\"><strong><a href=\"https:\/\/maps.app.goo.gl\/WbP7xC2wBqCgif8Q7\" target=\"_blank\">Uygulama Oteli (1 Ara\u00e7)<\/a><\/strong><\/td>\n      <td valign=\"middle\">&nbsp;<\/td>\n    <\/tr>\n  <\/table>\t\t\t\t<\/div>\n\t\t\t\t<\/div>\n\t\t\t\t\t<\/div>\n\t\t\t\t<\/div>\n\t\t<div role=\"region\" aria-labelledby=\"e-n-accordion-item-1171\" class=\"elementor-element elementor-element-89fd26e e-flex e-con-boxed e-con e-child\" data-id=\"89fd26e\" data-element_type=\"container\">\n\t\t\t\t\t<div class=\"e-con-inner\">\n\t\t\t\t<div class=\"elementor-element elementor-element-cb6e8b6 elementor-widget elementor-widget-text-editor\" data-id=\"cb6e8b6\" data-element_type=\"widget\" data-widget_type=\"text-editor.default\">\n\t\t\t\t<div class=\"elementor-widget-container\">\n\t\t\t\t\t\t\t\t\t<p>\ud83d\udccc <strong>Ak\u015fam Seferleri \u2013 Kongre Merkezinden D\u00f6n\u00fc\u015f<\/strong><\/p><p>G\u00fcn sonu oturumlar\u0131n\u0131n ard\u0131ndan, d\u00f6n\u00fc\u015f servislerimiz kongre merkezinden hareket ederek kat\u0131l\u0131mc\u0131lar\u0131m\u0131z\u0131 konaklama noktalar\u0131na ula\u015ft\u0131racakt\u0131r.<\/p>\t\t\t\t\t\t\t\t<\/div>\n\t\t\t\t<\/div>\n\t\t\t\t<div class=\"elementor-element elementor-element-4296d35 elementor-widget elementor-widget-html\" data-id=\"4296d35\" data-element_type=\"widget\" data-widget_type=\"html.default\">\n\t\t\t\t<div class=\"elementor-widget-container\">\n\t\t\t\t\t\n<style>\n\t\thr{border: #8E8E8E solid 0.3px;}\n\t\t\n\ttable.program1 { color:#333333;\tline-height: 1.3 !important;}\ntable.program1 th {\n    padding: 10px;\n    font-size: 18pt;\n    background: #00349b;\n    color: #fff;\t\n}\ntable.program1 td { vertical-align: top;\n\t\n\tpadding: 5px;\n\tborder-bottom:#8C8C8C 0.0005em solid;\n    border-right:#8C8C8C 0.0005em solid;\n\t\n}\t\n\t\t\n            .session {\n    background-color: #FEA6A6;\n    font-weight: 900;\n    line-height: 1.5;\n}\n            .session-alt {\n    background-color: #F8DCDC;\n}\n            .workshop {background-color: #B1CBCD; font-weight: 900; line-height: 1.5;}\n            .workshop-alt {background-color: #D9E5E6;}\n            .oral {\n    background-color: #87C1C9;\n    font-weight: 900;\n    line-height: 1.5;\n}\n            .oral-alt {background-color: #D3E8D1;}\n            \n\n\t\t.halla {\n    background-color: #494D99;\n    font-weight: bold;\n    color: white;\n    text-align: center\n}\n\t\t.hallb {\n    background-color: #6669B6;\n    font-weight: bold;\n    color: white;\n    text-align: center\n}\n        .hallc {\n    background-color: #8587C5;\n    font-weight: bold;\n    color: white;\n    text-align: center\n}\n        .halld { background-color: #9B64DC; font-weight: bold; color: white; text-align: center }\n\t\t.break {\n    background-color: #DCEDB7;\n}\n            .saatkucuk {font-size: 11pt; text-align: right; font-weight: bold;}\n\t\n\n\t\t.opening {\n    background-color: #AAC2D2;\n    font-weight: bold;\n}\n\n\t\t.industry {\n    background-color: #DFDFDF;\n    font-weight: bold;\n}\n\t\t\t.name {font-weight: 800; font-style: italic; color: #2C2C2C}\n\t.genc {background-color: #F6D087; font-weight: 700;}\n<\/style>\n<table width=\"100%\" border=\"0\" cellpadding=\"0\" cellspacing=\"0\" class=\"program1\">\n    <tr class=\"workshop\">\n      <td align=\"center\"><strong>Tarih<\/strong><\/td>\n      <td align=\"center\"><strong>Otob\u00fcs Hareket\u00a0 Saatleri<\/strong><\/td>\n      <td align=\"center\"><strong>Otob\u00fcs Kalk\u0131\u015f-Var\u0131\u015f Destinasyonu<\/strong><\/td>\n    <\/tr>\n    <tr>\n      <td rowspan=\"3\" valign=\"middle\">31 A\u011fustos Pazar\u00a0<\/td>\n      <td align=\"center\">18:30<\/td>\n      <td><strong>Kongre Merkezi \/ Kedievi <\/strong><\/td>\n    <\/tr>\n    <tr>\n      <td align=\"center\">19:00<\/td>\n      <td><strong>Kedievi \/ A\u00e7\u0131l\u0131\u015f Kokteyl (Van Uygulama Oteli <\/strong><\/td>\n    <\/tr>\n    <tr>\n      <td align=\"center\">21:00<\/td>\n      <td><strong>Van Uygulama Oteli \/ Van \u015ei\u015fli \u00d6\u011fretmen Evi - Halk E\u011fitim Merkezi-Be\u015fyol<\/strong><\/td>\n    <\/tr>\n    <tr>\n      <td colspan=\"3\" valign=\"bottom\" nowrap><p>&nbsp;<\/p><\/td>\n    <\/tr>\n    <tr class=\"workshop\">\n      <td align=\"center\"><strong>Tarih<\/strong><\/td>\n      <td align=\"center\"><strong>Otob\u00fcs Hareket\u00a0 Saatleri<\/strong><\/td>\n      <td align=\"center\"><strong>Otob\u00fcs Kalk\u0131\u015f-Var\u0131\u015f Destinasyonu<\/strong><\/td>\n    <\/tr>\n    <tr>\n      <td>1 Eyl\u00fcl Pazartesi<\/td>\n      <td align=\"center\">19:00<\/td>\n      <td><strong>Kongre Merkezi \/ Van \u015ei\u015fli \u00d6\u011fretmen Evi - Halk E\u011fitim Merkezi-Be\u015fyol -   Van Uygulama Oteli<\/strong><\/td>\n    <\/tr>\n    <tr>\n      <td colspan=\"3\" valign=\"bottom\" nowrap><p>&nbsp;<\/p><\/td>\n    <\/tr>\n    <tr class=\"workshop\">\n      <td align=\"center\"><strong>Tarih<\/strong><\/td>\n      <td align=\"center\"><strong>Otob\u00fcs Hareket\u00a0 Saatleri<\/strong><\/td>\n      <td align=\"center\"><strong>Otob\u00fcs Kalk\u0131\u015f-Var\u0131\u015f Destinasyonu<\/strong><\/td>\n    <\/tr>\n    <tr>\n      <td rowspan=\"2\" valign=\"middle\">2 Eyl\u00fcl Sal\u0131<\/td>\n      <td align=\"center\">18:30<\/td>\n      <td><strong>Kongre Merkezi \/ Gala Yeme\u011fi (Dedeman Van Resort Hotel)<\/strong><\/td>\n    <\/tr>\n    <tr>\n      <td align=\"center\">23:00<\/td>\n      <td><strong>Dedeman Van Resort Hotel \/ \/ Van \u015ei\u015fli \u00d6\u011fretmen Evi - Halk E\u011fitim   Merkezi-Be\u015fyol - Van Uygulama Oteli <\/strong><\/td>\n    <\/tr>\n  <\/table>\t\t\t\t<\/div>\n\t\t\t\t<\/div>\n\t\t\t\t\t<\/div>\n\t\t\t\t<\/div>\n\t\t\t\t<\/div>\n\t\t\t\t\t<\/details>\n\t\t\t\t\t<\/div>\n\t\t\t\t\t\t<\/div>\n\t\t\t\t<\/div>\n\t\t\t\t\t<\/div>\n\t\t\t\t<\/div>\n\t\t\t\t<\/div>","protected":false},"excerpt":{"rendered":"<p>Van Ula\u015f\u0131m Haritalar\u0131 De\u011ferli Kat\u0131l\u0131mc\u0131lar\u0131m\u0131z, Van\u2019a geldi\u011finizde sizlere yard\u0131mc\u0131 olmak ad\u0131na baz\u0131 ula\u015f\u0131m detaylar\u0131n\u0131 a\u015fa\u011f\u0131da incelemelerinize sunar\u0131z. Van Ferit Melen Havaliman\u0131\u2019ndan Merkeze giden Otob\u00fcs detaylar\u0131 i\u00e7in a\u015fa\u011f\u0131daki linki inceleyebilirsiniz. https:\/\/van.bel.tr\/OtobusSaatDetay\/245 Van Ferit Melen Havaliman\u0131\u2019ndan ula\u015fabilece\u011finiz baz\u0131 konumlar\u0131n harita g\u00f6rsellerini a\u015fa\u011f\u0131da inceleyebilirsiniz. Kongre Shuttle Servis Detaylar\u0131 Kongremiz s\u00fcresince kat\u0131l\u0131mc\u0131lar\u0131m\u0131z\u0131n ula\u015f\u0131m\u0131n\u0131 kolayla\u015ft\u0131rmak amac\u0131yla belirlenen saatlerde shuttle servislerimiz [&hellip;]<\/p>","protected":false},"author":1,"featured_media":0,"parent":0,"menu_order":0,"comment_status":"closed","ping_status":"closed","template":"","meta":{"footnotes":""},"class_list":["post-1322","page","type-page","status-publish","hentry"],"blocksy_meta":[],"_links":{"self":[{"href":"https:\/\/kimya2025.com\/en\/wp-json\/wp\/v2\/pages\/1322","targetHints":{"allow":["GET"]}}],"collection":[{"href":"https:\/\/kimya2025.com\/en\/wp-json\/wp\/v2\/pages"}],"about":[{"href":"https:\/\/kimya2025.com\/en\/wp-json\/wp\/v2\/types\/page"}],"author":[{"embeddable":true,"href":"https:\/\/kimya2025.com\/en\/wp-json\/wp\/v2\/users\/1"}],"replies":[{"embeddable":true,"href":"https:\/\/kimya2025.com\/en\/wp-json\/wp\/v2\/comments?post=1322"}],"version-history":[{"count":22,"href":"https:\/\/kimya2025.com\/en\/wp-json\/wp\/v2\/pages\/1322\/revisions"}],"predecessor-version":[{"id":1357,"href":"https:\/\/kimya2025.com\/en\/wp-json\/wp\/v2\/pages\/1322\/revisions\/1357"}],"wp:attachment":[{"href":"https:\/\/kimya2025.com\/en\/wp-json\/wp\/v2\/media?parent=1322"}],"curies":[{"name":"wp","href":"https:\/\/api.w.org\/{rel}","templated":true}]}}