{"id":10,"date":"2023-11-30T16:43:56","date_gmt":"2023-11-30T13:43:56","guid":{"rendered":"https:\/\/kimya2025.com\/?page_id=10"},"modified":"2025-04-07T13:09:47","modified_gmt":"2025-04-07T10:09:47","slug":"36-ulusal-kimya-kongresi-2","status":"publish","type":"page","link":"https:\/\/kimya2025.com\/en\/","title":{"rendered":"Invitation"},"content":{"rendered":"<div data-elementor-type=\"wp-page\" data-elementor-id=\"10\" class=\"elementor elementor-10\" data-elementor-post-type=\"page\">\n\t\t\t\t<div class=\"elementor-element elementor-element-65ecd589 e-flex e-con-boxed e-con e-parent\" data-id=\"65ecd589\" data-element_type=\"container\">\n\t\t\t\t\t<div class=\"e-con-inner\">\n\t\t\t\t<div class=\"elementor-element elementor-element-4cec928c elementor-widget elementor-widget-text-editor\" data-id=\"4cec928c\" data-element_type=\"widget\" data-widget_type=\"text-editor.default\">\n\t\t\t\t<div class=\"elementor-widget-container\">\n\t\t\t\t\t\t\t\t\t<p><span style=\"font-size: 12.0pt; line-height: 107%;\">Dear Scientist,<\/span><\/p>\n<p style=\"text-align: justify;\" class=\"translation-block\">We are proud to announce that the 36th National Chemistry Congress (UKK2025) will be held under the coordination of the Turkish Chemical Society in collaboration with Van Y\u00fcz\u00fcnc\u00fc Y\u0131l University in Van from August 31 - September 3, 2025. It is our great pleasure and privilege to invite you and your team to participate in UKK2025.<\/p>\n<p style=\"text-align: justify;\"><span style=\"font-size: 12.0pt; line-height: 107%;\">Our four-day congress will primarily feature scientific sessions during the first three days, where distinguished invited speakers and participants will present and discuss their latest research through oral and poster presentations. Building on the experiences of previous congresses, the main objective of this event is to bring together academics and students from various universities across the country, providing them with an academic platform to showcase their work and foster new collaboration opportunities. The fourth day of our congress will be dedicated to a rich social program.<\/span><\/p>\n<p style=\"text-align: justify;\"><span style=\"font-size: 12.0pt; line-height: 107%;\">The city of Van, located on the shores of Lake Van\u2014the largest enclosed basin in Anatolia\u2014has been a significant settlement throughout history, serving as the center of various civilizations, including the Urartians, Assyrians, and Seljuks. Therefore, we believe that during the congress, you will also gain a rich cultural experience in the city of Van. <\/span><\/p>\n<p style=\"text-align: justify;\"><span style=\"font-size: 12.0pt; line-height: 107%;\">You can find detailed information about our congress on our website, which will be regularly updated.<\/span><\/p>\n<p style=\"text-align: justify;\"><span style=\"font-size: 12.0pt; line-height: 107%;\">If you have any questions, please do not hesitate to contact us.<\/span><\/p>\n<p style=\"text-align: justify;\"><span style=\"font-size: 12.0pt; line-height: 107%;\">We look forward to meeting you in the Pearl of the East, Van, in September 2025.<\/span><\/p>\n<p style=\"text-align: justify;\"><span style=\"font-size: 12.0pt; line-height: 107%;\">On behalf of the Organizing Committee<\/span><\/p>\n<p style=\"text-align: justify;\"><span style=\"font-size: 12.0pt; line-height: 107%;\"><b>Prof. Dr. Mehmet G\u00dcLCAN<br \/><\/b><\/span><span style=\"font-size: 12pt; font-family: inherit; font-style: inherit; font-variant-ligatures: inherit; font-variant-caps: inherit; font-weight: inherit; background-color: var(--has-background, var(--theme-palette-color-8)); color: var(--theme-text-color); letter-spacing: var(--theme-letter-spacing); text-transform: var(--theme-text-transform);\">Congress President<\/span><\/p>\n<p><!-- \/wp:columns --><\/p>\t\t\t\t\t\t\t\t<\/div>\n\t\t\t\t<\/div>\n\t\t\t\t\t<\/div>\n\t\t\t\t<\/div>\n\t\t<div class=\"elementor-element elementor-element-0722e5c e-flex e-con-boxed e-con e-parent\" data-id=\"0722e5c\" data-element_type=\"container\">\n\t\t\t\t\t<div class=\"e-con-inner\">\n\t\t\t\t<div class=\"elementor-element elementor-element-fa4bc6d elementor-hidden-desktop elementor-hidden-tablet elementor-widget elementor-widget-sidebar\" data-id=\"fa4bc6d\" data-element_type=\"widget\" data-widget_type=\"sidebar.default\">\n\t\t\t\t<div class=\"elementor-widget-container\">\n\t\t\t\t\t<div class=\"ct-widget is-layout-flow widget_block\" id=\"block-23\">\n<div class=\"wp-block-group is-layout-constrained wp-block-group-is-layout-constrained\">\n<figure class=\"wp-block-image aligncenter size-full is-resized\"><a href=\"https:\/\/drive.google.com\/file\/d\/1v1X50CPf_3ylF9lf64vpuunIPTAmyLy9\/view?usp=sharing\" target=\"_blank\" rel=\" noreferrer noopener\"><img fetchpriority=\"high\" decoding=\"async\" width=\"600\" height=\"467\" src=\"https:\/\/kimya2025.com\/wp-content\/uploads\/2025\/09\/bildiri-kitabi-2025.png\" alt=\"\" class=\"wp-image-1408\" style=\"width:322px;height:auto\" srcset=\"https:\/\/kimya2025.com\/wp-content\/uploads\/2025\/09\/bildiri-kitabi-2025.png 600w, https:\/\/kimya2025.com\/wp-content\/uploads\/2025\/09\/bildiri-kitabi-2025-300x234.png 300w, https:\/\/kimya2025.com\/wp-content\/uploads\/2025\/09\/bildiri-kitabi-2025-15x12.png 15w\" sizes=\"(max-width: 600px) 100vw, 600px\" \/><\/a><\/figure>\n\n\n\n<p class=\"has-palette-color-5-background-color has-background has-medium-font-size\"><strong>Bildiri Kitab\u0131 Yay\u0131mlanm\u0131\u015ft\u0131r. G\u00f6r\u00fcnt\u00fclemek i\u00e7in <a href=\"https:\/\/drive.google.com\/file\/d\/1v1X50CPf_3ylF9lf64vpuunIPTAmyLy9\/view?usp=sharing\" target=\"_blank\" rel=\"noreferrer noopener\">Click for the sample template<\/a>.<\/strong><\/p>\n<\/div>\n<\/div><div class=\"ct-widget is-layout-flow widget_block\" id=\"block-9\">\n<h2 class=\"wp-block-heading\">Kongre Foto\u011fraflar\u0131<\/h2>\n<\/div><div class=\"ct-widget is-layout-flow widget_block widget_media_image\" id=\"block-20\">\n<figure class=\"wp-block-image aligncenter size-large\"><a href=\"https:\/\/photos.app.goo.gl\/HPhZs8KD28WbtGYP6\" target=\"_blank\" rel=\" noreferrer noopener\"><img loading=\"lazy\" decoding=\"async\" width=\"1024\" height=\"570\" src=\"https:\/\/kimya2025.com\/wp-content\/uploads\/2025\/09\/ukk-2025-1024x570.jpeg\" alt=\"\" class=\"wp-image-1398\" style=\"object-fit:cover\" srcset=\"https:\/\/kimya2025.com\/wp-content\/uploads\/2025\/09\/ukk-2025-1024x570.jpeg 1024w, https:\/\/kimya2025.com\/wp-content\/uploads\/2025\/09\/ukk-2025-300x167.jpeg 300w, https:\/\/kimya2025.com\/wp-content\/uploads\/2025\/09\/ukk-2025-768x427.jpeg 768w, https:\/\/kimya2025.com\/wp-content\/uploads\/2025\/09\/ukk-2025-1536x854.jpeg 1536w, https:\/\/kimya2025.com\/wp-content\/uploads\/2025\/09\/ukk-2025-18x10.jpeg 18w, https:\/\/kimya2025.com\/wp-content\/uploads\/2025\/09\/ukk-2025.jpeg 1600w\" sizes=\"(max-width: 1024px) 100vw, 1024px\" \/><\/a><\/figure>\n<\/div><div class=\"ct-widget is-layout-flow widget_block\" id=\"block-21\">\n<div class=\"wp-block-buttons alignwide is-layout-flex wp-block-buttons-is-layout-flex\">\n<div class=\"wp-block-button has-custom-width wp-block-button__width-100\"><a class=\"wp-block-button__link wp-element-button\" href=\"https:\/\/photos.app.goo.gl\/HPhZs8KD28WbtGYP6\">KONGRE FOTO\u011eRAFLARI \u0130\u00c7\u0130N TIKLAYINIZ<\/a><\/div>\n<\/div>\n<\/div><div class=\"ct-widget is-layout-flow widget_block\" id=\"block-19\">\n<h2 class=\"wp-block-heading\">Important Dates<\/h2>\n<\/div><div class=\"ct-widget is-layout-flow widget_block\" id=\"block-8\">\n<figure class=\"wp-block-table\"><table><tbody><tr><td>Starting Date for Abstract Submission<br><strong>25 February 2025<\/strong><\/td><\/tr><tr><td>Abstract Submission Deadline<br><strong><strong>10 A\u011fustos 2025<\/strong><\/strong><\/td><\/tr><tr><td>Announcement of Evaluation Results<br><strong><strong>11 A\u011fustos 2025<\/strong><\/strong><\/td><\/tr><tr><td>Deadline for Early Registration Rates<br><strong>20 Temmuz  2025<\/strong><\/td><\/tr><\/tbody><\/table><\/figure>\n<\/div><div class=\"ct-widget is-layout-flow widget_block widget_media_image\" id=\"block-17\">\n<figure class=\"wp-block-image aligncenter size-large is-resized\"><img loading=\"lazy\" decoding=\"async\" width=\"918\" height=\"1024\" src=\"https:\/\/kimya2025.com\/wp-content\/uploads\/2025\/07\/TUBITAK_logo.svg-1835x2048-1-918x1024.png\" alt=\"\" class=\"wp-image-1218\" style=\"width:167px;height:auto\" srcset=\"https:\/\/kimya2025.com\/wp-content\/uploads\/2025\/07\/TUBITAK_logo.svg-1835x2048-1-918x1024.png 918w, https:\/\/kimya2025.com\/wp-content\/uploads\/2025\/07\/TUBITAK_logo.svg-1835x2048-1-269x300.png 269w, https:\/\/kimya2025.com\/wp-content\/uploads\/2025\/07\/TUBITAK_logo.svg-1835x2048-1-768x857.png 768w, https:\/\/kimya2025.com\/wp-content\/uploads\/2025\/07\/TUBITAK_logo.svg-1835x2048-1-1376x1536.png 1376w, https:\/\/kimya2025.com\/wp-content\/uploads\/2025\/07\/TUBITAK_logo.svg-1835x2048-1-11x12.png 11w, https:\/\/kimya2025.com\/wp-content\/uploads\/2025\/07\/TUBITAK_logo.svg-1835x2048-1.png 1835w\" sizes=\"(max-width: 918px) 100vw, 918px\" \/><\/figure>\n<\/div><div class=\"ct-widget is-layout-flow widget_block\" id=\"block-14\">\n<h2 class=\"wp-block-heading\">Official Airline<\/h2>\n<\/div><div class=\"ct-widget is-layout-flow widget_block widget_media_image\" id=\"block-15\">\n<figure class=\"wp-block-image aligncenter size-large is-resized\"><img loading=\"lazy\" decoding=\"async\" width=\"1024\" height=\"371\" src=\"https:\/\/kimya2025.com\/wp-content\/uploads\/2025\/05\/CIFT-SATIR-YATAY-TIRE--1024x371.png\" alt=\"\" class=\"wp-image-1136\" style=\"width:285px;height:auto\" srcset=\"https:\/\/kimya2025.com\/wp-content\/uploads\/2025\/05\/CIFT-SATIR-YATAY-TIRE--1024x371.png 1024w, https:\/\/kimya2025.com\/wp-content\/uploads\/2025\/05\/CIFT-SATIR-YATAY-TIRE--300x109.png 300w, https:\/\/kimya2025.com\/wp-content\/uploads\/2025\/05\/CIFT-SATIR-YATAY-TIRE--768x279.png 768w, https:\/\/kimya2025.com\/wp-content\/uploads\/2025\/05\/CIFT-SATIR-YATAY-TIRE--18x7.png 18w, https:\/\/kimya2025.com\/wp-content\/uploads\/2025\/05\/CIFT-SATIR-YATAY-TIRE-.png 1500w\" sizes=\"auto, (max-width: 1024px) 100vw, 1024px\" \/><\/figure>\n<\/div><div class=\"ct-widget is-layout-flow widget_block widget_text\" id=\"block-16\">\n<p>Turkish Airlines is the official airline of <strong>\u201c36. Ulusal Kimya Kongresi\u201d \u2019<\/strong>special discounts are offered for all delegates. To proceed with the online booking tool, please visit <a href=\"https:\/\/www.turkishairlines.com\/\" target=\"_blank\" rel=\"noreferrer noopener\">turkishairlines.com<\/a>\u2019u ziyaret ediniz. Son ad\u0131mda \u201cPromosyon Kodu\u201d sekmesini t\u0131klayarak <strong>\u201c030TKH25\u201d<\/strong> under the Promotion code field at the payment page.<\/p>\n<\/div><div class=\"ct-widget is-layout-flow widget_block\" id=\"block-10\">\n<h2 class=\"wp-block-heading\">Abstract Book (2024)<\/h2>\n<\/div><div class=\"ct-widget is-layout-flow widget_block widget_media_image\" id=\"block-11\">\n<figure class=\"wp-block-image size-full\"><a href=\"https:\/\/drive.google.com\/file\/d\/1Ikjetqg-dhRAKzgcD_DWZHelbmTy5qYr\/view?usp=sharing\" target=\"_blank\" rel=\" noreferrer noopener\"><img loading=\"lazy\" decoding=\"async\" width=\"497\" height=\"387\" src=\"https:\/\/kimya2025.com\/wp-content\/uploads\/2024\/12\/bildiri-kitabi-2024.png\" alt=\"\" class=\"wp-image-839\" srcset=\"https:\/\/kimya2025.com\/wp-content\/uploads\/2024\/12\/bildiri-kitabi-2024.png 497w, https:\/\/kimya2025.com\/wp-content\/uploads\/2024\/12\/bildiri-kitabi-2024-300x234.png 300w, https:\/\/kimya2025.com\/wp-content\/uploads\/2024\/12\/bildiri-kitabi-2024-15x12.png 15w\" sizes=\"auto, (max-width: 497px) 100vw, 497px\" \/><\/a><\/figure>\n<\/div><div class=\"ct-widget is-layout-flow widget_block\" id=\"block-12\">\n<h2 class=\"wp-block-heading\"><\/h2>\n<\/div><div class=\"ct-widget is-layout-flow widget_block widget_text\" id=\"block-13\">\n<p><\/p>\n<\/div>\t\t\t\t<\/div>\n\t\t\t\t<\/div>\n\t\t\t\t\t<\/div>\n\t\t\t\t<\/div>\n\t\t\t\t<\/div>","protected":false},"excerpt":{"rendered":"<p>De\u011ferli Bilim \u0130nsanlar\u0131, 36. Ulusal Kimya Kongresi (UKK2025)\u2019nin T\u00fcrkiye Kimya Derne\u011fi koordinat\u00f6rl\u00fc\u011f\u00fcnde 31 A\u011fustos &#8211; 3 Eyl\u00fcl 2025 tarihleri aras\u0131nda Van Y\u00fcz\u00fcnc\u00fc Y\u0131l \u00dcniversitesi i\u015f birli\u011finde Van\u2019da d\u00fczenlenece\u011fini duyurmaktan gurur duyuyoruz. Sizi ve ekibinizi UKK2025&#8217;e kat\u0131lmaya davet etmek bizim i\u00e7in b\u00fcy\u00fck bir mutluluk ve ayr\u0131cal\u0131kt\u0131r. D\u00f6rt g\u00fcn s\u00fcrecek kongremizin ilk \u00fc\u00e7 g\u00fcn\u00fc alanlar\u0131nda olduk\u00e7a yetkin [&hellip;]<\/p>","protected":false},"author":1,"featured_media":0,"parent":0,"menu_order":0,"comment_status":"closed","ping_status":"closed","template":"","meta":{"footnotes":""},"class_list":["post-10","page","type-page","status-publish","hentry"],"blocksy_meta":[],"_links":{"self":[{"href":"https:\/\/kimya2025.com\/en\/wp-json\/wp\/v2\/pages\/10","targetHints":{"allow":["GET"]}}],"collection":[{"href":"https:\/\/kimya2025.com\/en\/wp-json\/wp\/v2\/pages"}],"about":[{"href":"https:\/\/kimya2025.com\/en\/wp-json\/wp\/v2\/types\/page"}],"author":[{"embeddable":true,"href":"https:\/\/kimya2025.com\/en\/wp-json\/wp\/v2\/users\/1"}],"replies":[{"embeddable":true,"href":"https:\/\/kimya2025.com\/en\/wp-json\/wp\/v2\/comments?post=10"}],"version-history":[{"count":48,"href":"https:\/\/kimya2025.com\/en\/wp-json\/wp\/v2\/pages\/10\/revisions"}],"predecessor-version":[{"id":1078,"href":"https:\/\/kimya2025.com\/en\/wp-json\/wp\/v2\/pages\/10\/revisions\/1078"}],"wp:attachment":[{"href":"https:\/\/kimya2025.com\/en\/wp-json\/wp\/v2\/media?parent=10"}],"curies":[{"name":"wp","href":"https:\/\/api.w.org\/{rel}","templated":true}]}}